{"id":46,"date":"2025-07-29T07:49:32","date_gmt":"2025-07-29T07:49:32","guid":{"rendered":"https:\/\/gacon.byclarq.nl\/?page_id=46"},"modified":"2025-07-30T12:53:55","modified_gmt":"2025-07-30T12:53:55","slug":"privacy-policy","status":"publish","type":"page","link":"https:\/\/gacon.byclarq.nl\/de\/privacy-policy\/","title":{"rendered":"Datenschutzbestimmungen"},"content":{"rendered":"<section class=\"hero\">\n    <div class=\"full-width\">\n                <div class=\"boxed\">\n            <div class=\"info\">\n                                    <div class=\"heading\">\n                        <h1>Datenschutzbestimmungen                                                <\/div>\n                                                    <div class=\"breadcrumbs\">\n                        <nav aria-label=\"Semmelbr\u00f6sel\" class=\"rank-math-breadcrumb\"><p><span class=\"last\"><\/span><\/p><\/nav>                    <\/div>\n                            <\/div>\n        <\/div>\n    <\/div>\n<\/section>\n\n\n\n<section class=\"texts bg-cream\">\n    <div class=\"boxed width-70\">\n                    <div class=\"rows\">\n                <div class=\"row\">\n                                            <div class=\"col heading-col index-0\">\n                                                                                        <h3>Bei Gacon mit Sitz in Nimwegen ist uns Ihre Privatsph\u00e4re wichtig. In dieser Datenschutzerkl\u00e4rung k\u00f6nnen Sie nachlesen, wie wir mit Ihren Daten umgehen.<\/h3>\n                                                    <\/div>\n                                    <\/div>\n                <div class=\"row\">\n                                            <div class=\"col content-col index-0\">\n                                                            <div class=\"contents\">\n                                    <div class=\"content\">\n                                        <p><strong>Verarbeitung von personenbezogenen Daten<\/strong><\/p>\n<p>Gacon verarbeitet Ihre personenbezogenen Daten, weil Sie unsere Dienste in Anspruch nehmen und\/oder weil Sie sie uns selbst zur Verf\u00fcgung stellen. Die Daten, die wir im Zusammenhang mit Vertr\u00e4gen erheben und verarbeiten, sind: Ihr Name, Ihre Position, (gesch\u00e4ftliche) Telefonnummern und (gesch\u00e4ftliche) E-Mail-Adressen.<\/p>\n<ul>\n<li>Wenn Sie ein (potenzieller) Kunde von uns sind, verwenden wir Ihre Daten, um Ihnen ein Angebot zu unterbreiten, um festzustellen, welche Spezifikationen oder W\u00fcnsche ein bestimmter Artikel oder eine bestimmte Dienstleistung erf\u00fcllen soll, um Waren zu liefern oder Arbeiten f\u00fcr Sie auszuf\u00fchren, um Ihnen Rechnungen zu stellen und um mit Ihnen reibungslos und effizient \u00fcber die Ausf\u00fchrung des Vertrags zu kommunizieren.<\/li>\n<li>Wenn Sie ein (potenzieller) Lieferant oder sonstiger Auftragnehmer sind, sind Ihre personenbezogenen Daten auch f\u00fcr den Abschluss und die Durchf\u00fchrung des Vertrags erforderlich. Im Falle der Beschaffung ist dies notwendig, um Ihnen mitzuteilen, welche Spezifikationen oder Anforderungen ein bestimmter Artikel oder eine bestimmte Dienstleistung aus unserer Sicht erf\u00fcllen sollte, um Ihnen eine Angebotsanfrage zukommen lassen oder eine Bestellung bei Ihnen aufgeben zu k\u00f6nnen, um Ihre Rechnungen bezahlen zu k\u00f6nnen und um mit Ihnen reibungslos und effizient \u00fcber andere Aspekte der Vereinbarung zu kommunizieren.<\/li>\n<\/ul>\n<p>Sie sind nicht verpflichtet, uns Ihre personenbezogenen Daten zur Verf\u00fcgung zu stellen. Wenn Sie uns jedoch keine oder nur unzureichende personenbezogene Daten zur Verf\u00fcgung stellen, sind wir m\u00f6glicherweise nicht in der Lage, die oben genannten T\u00e4tigkeiten auszuf\u00fchren.<\/p>\n<p><strong>Aufbewahrungsfrist<\/strong><\/p>\n<p>Die Daten werden aufbewahrt, um die beschriebenen Zwecke zu erf\u00fcllen. Wir halten uns an die gesetzliche Aufbewahrungsfrist, sofern diese in Kraft ist.<\/p>\n<p><strong>Weitergabe von personenbezogenen Daten an Dritte<\/strong><\/p>\n<p>Gacon stellt Dritten nur und ausschlie\u00dflich dann Daten zur Verf\u00fcgung, wenn dies f\u00fcr die Durchf\u00fchrung unseres Vertrags mit Ihnen oder zur Erf\u00fcllung einer gesetzlichen Verpflichtung erforderlich ist.<\/p>\n<p><strong>Cookies oder \u00e4hnliche Techniken, die wir verwenden<\/strong><\/p>\n<p>Gacon verwendet funktionale, analytische und Tracking-Cookies. Ein Cookie ist eine kleine Textdatei, die im Browser Ihres Computers, Tablets oder Smartphones gespeichert wird, wenn Sie diese Website zum ersten Mal besuchen. Gacon verwendet Cookies mit einer rein technischen Funktion. Diese stellen sicher, dass die Website ordnungsgem\u00e4\u00df funktioniert und dass beispielsweise Ihre Pr\u00e4ferenzen gespeichert werden. Diese Cookies werden auch verwendet, um das Funktionieren der Website zu gew\u00e4hrleisten und sie zu optimieren. Au\u00dferdem platzieren wir Cookies, die Ihr Surfverhalten verfolgen, damit wir Ihnen ma\u00dfgeschneiderte Inhalte und Werbung anbieten k\u00f6nnen.<\/p>\n<p>Bei Ihrem ersten Besuch auf unserer Website haben wir Sie bereits \u00fcber diese Cookies informiert und um Ihr Einverst\u00e4ndnis gebeten, sie zu setzen.<\/p>\n<p>Sie k\u00f6nnen die Verwendung von Cookies ablehnen, indem Sie Ihren Internet-Browser so einstellen, dass keine Cookies mehr gespeichert werden. Dar\u00fcber hinaus k\u00f6nnen Sie \u00fcber die Einstellungen Ihres Browsers alle zuvor gespeicherten Informationen l\u00f6schen.<\/p>\n<p><strong>Daten ansehen, \u00e4ndern oder l\u00f6schen<\/strong><\/p>\n<p>Sie haben das Recht auf Zugang, Berichtigung oder L\u00f6schung Ihrer personenbezogenen Daten. Dar\u00fcber hinaus haben Sie das Recht, Ihre eventuelle Zustimmung zur Datenverarbeitung zu widerrufen oder der Verarbeitung Ihrer personenbezogenen Daten durch Gacon zu widersprechen, und Sie haben das Recht auf Daten\u00fcbertragbarkeit. Das bedeutet, dass Sie bei uns beantragen k\u00f6nnen, dass die personenbezogenen Daten, die wir \u00fcber Sie in einer Computerdatei gespeichert haben, an Sie oder eine andere von Ihnen benannte Organisation \u00fcbermittelt werden.<\/p>\n<p>Sie k\u00f6nnen einen Antrag auf Zugang, Berichtigung, L\u00f6schung oder \u00dcbertragung Ihrer personenbezogenen Daten oder auf Widerruf Ihrer Einwilligung oder Widerspruch gegen die Verarbeitung Ihrer personenbezogenen Daten an folgende Adresse richten\u00a0<a href=\"mailto:info@gacon.nl\">info@gacon.nl<\/a>.<\/p>\n<p>Um sicherzustellen, dass der Antrag auf Einsichtnahme von Ihnen gestellt wird, bitten wir Sie, dem Antrag eine Kopie Ihres Identit\u00e4tsnachweises beizuf\u00fcgen. Schw\u00e4rzen Sie auf dieser Kopie Ihr Passfoto, die MRZ (maschinenlesbare Zone, der Zahlenstreifen am unteren Rand des Passes), die Passnummer und die B\u00fcrgerservicenummer (BSN). Dies dient dem Schutz Ihrer Privatsph\u00e4re. Wir werden Ihren Antrag so schnell wie m\u00f6glich, jedoch innerhalb von vier Wochen, beantworten.<\/p>\n<p>Gacon m\u00f6chte Sie auch dar\u00fcber informieren, dass Sie die M\u00f6glichkeit haben, bei der nationalen Aufsichtsbeh\u00f6rde, der Beh\u00f6rde f\u00fcr personenbezogene Daten, eine Beschwerde einzureichen. Sie k\u00f6nnen dies \u00fcber den folgenden Link tun:\u00a0<a href=\"https:\/\/autoriteitpersoonsgegevens.nl\/nl\/contact-met-de-autoriteit-persoonsgegevens\/tip-ons\" target=\"_blank\" rel=\"noreferrer noopener\">https:\/\/autoriteitpersoonsgegevens.nl\/nl\/contact-met-de-autoriteit-persoonsgegevens\/tip-ons<\/a><\/p>\n<p><strong>Wie wir personenbezogene Daten sch\u00fctzen<\/strong><\/p>\n<p>Gacon nimmt den Schutz Ihrer Daten ernst und ergreift geeignete Ma\u00dfnahmen, um Missbrauch, Verlust, unbefugtem Zugriff, unerw\u00fcnschter Offenlegung und unbefugter Ver\u00e4nderung entgegenzuwirken. Sollten Sie den Eindruck haben, dass Ihre Daten nicht ordnungsgem\u00e4\u00df gesichert sind oder es Anzeichen f\u00fcr einen Missbrauch gibt, wenden Sie sich bitte an unseren Kundenservice oder \u00fcber\u00a0<a href=\"mailto:info@gacon.nl\">info@gacon.nl<\/a>.<\/p>\n                                    <\/div>\n                                <\/div>\n                                                    <\/div>\n                                    <\/div>\n                <div class=\"row\">\n                                            <div class=\"col button-col index-0\">\n                                                    <\/div>\n                                    <\/div>\n            <\/div>\n            <\/div>\n<\/section>\n\n\n\n<section class=\"contact-form bg-creme-green\">\n    <div class=\"boxed\">\n                <div class=\"info border-on width-80 position-center\">\n                            <div class=\"heading\"><h2>M\u00f6chten Sie mehr erfahren oder ein Angebot anfordern?<\/h2><\/div>\n                                    <div class=\"form\">\n                <style id=\"wpforms-css-vars-285\">\n\t\t\t\t#wpforms-285 {\n\t\t\t\t--wpforms-field-size-input-height: 43px;\n--wpforms-field-size-input-spacing: 15px;\n--wpforms-field-size-font-size: 16px;\n--wpforms-field-size-line-height: 19px;\n--wpforms-field-size-padding-h: 14px;\n--wpforms-field-size-checkbox-size: 16px;\n--wpforms-field-size-sublabel-spacing: 5px;\n--wpforms-field-size-icon-size: 1;\n--wpforms-label-size-font-size: 16px;\n--wpforms-label-size-line-height: 19px;\n--wpforms-label-size-sublabel-font-size: 14px;\n--wpforms-label-size-sublabel-line-height: 17px;\n--wpforms-button-size-font-size: 17px;\n--wpforms-button-size-height: 41px;\n--wpforms-button-size-padding-h: 15px;\n--wpforms-button-size-margin-top: 10px;\n--wpforms-container-shadow-size-box-shadow: none;\n\t\t\t}\n\t\t\t<\/style><div class=\"wpforms-container wpforms-container-full wpforms-render-modern\" id=\"wpforms-285\"><form id=\"wpforms-form-285\" class=\"wpforms-validate wpforms-form wpforms-ajax-form\" data-formid=\"285\" method=\"post\" enctype=\"multipart\/form-data\" action=\"\/de\/wp-json\/wp\/v2\/pages\/46\" data-token=\"6a17b6303bad2c99935c0db60b086bea\" data-token-time=\"1778053878\" data-trp-original-action=\"\/de\/wp-json\/wp\/v2\/pages\/46\"><noscript class=\"wpforms-error-noscript\">Bitte aktiviere JavaScript in deinem Browser, um dieses Formular fertigzustellen.<\/noscript><div id=\"wpforms-error-noscript\" style=\"display: none;\">Bitte aktiviere JavaScript in deinem Browser, um dieses Formular fertigzustellen.<\/div><div class=\"wpforms-field-container\">\t\t<div id=\"wpforms-285-field_1-container\"\n\t\t\tclass=\"wpforms-field wpforms-field-text\"\n\t\t\tdata-field-type=\"text\"\n\t\t\tdata-field-id=\"1\"\n\t\t\t>\n\t\t\t<label class=\"wpforms-field-label\" for=\"wpforms-285-field_1\" >E-Mail Adresse Ihre Nachricht<\/label>\n\t\t\t<input type=\"text\" id=\"wpforms-285-field_1\" class=\"wpforms-field-medium\" name=\"wpforms[fields][1]\" >\n\t\t<\/div>\n\t\t<div id=\"wpforms-285-field_2-container\" class=\"wpforms-field wpforms-field-name\" data-field-id=\"2\"><label class=\"wpforms-field-label\" for=\"wpforms-285-field_2\">Ihr Name <span class=\"wpforms-required-label\" aria-hidden=\"true\">*<\/span><\/label><input type=\"text\" id=\"wpforms-285-field_2\" class=\"wpforms-field-large wpforms-field-required\" name=\"wpforms[fields][2]\" aria-errormessage=\"wpforms-285-field_2-error\" required><\/div><div id=\"wpforms-285-field_3-container\" class=\"wpforms-field wpforms-field-email\" data-field-id=\"3\"><label class=\"wpforms-field-label\" for=\"wpforms-285-field_3\">E-Mail Adresse <span class=\"wpforms-required-label\" aria-hidden=\"true\">*<\/span><\/label><input type=\"email\" id=\"wpforms-285-field_3\" class=\"wpforms-field-large wpforms-field-required\" name=\"wpforms[fields][3]\" spellcheck=\"false\" aria-errormessage=\"wpforms-285-field_3-error\" required><\/div><div id=\"wpforms-285-field_4-container\" class=\"wpforms-field wpforms-field-text\" data-field-id=\"4\"><label class=\"wpforms-field-label\" for=\"wpforms-285-field_4\">Ihre Frage<\/label><input type=\"text\" id=\"wpforms-285-field_4\" class=\"wpforms-field-large\" name=\"wpforms[fields][4]\" aria-errormessage=\"wpforms-285-field_4-error\" ><\/div><div id=\"wpforms-285-field_5-container\" class=\"wpforms-field wpforms-field-textarea\" data-field-id=\"5\"><label class=\"wpforms-field-label\" for=\"wpforms-285-field_5\">Nachricht <span class=\"wpforms-required-label\" aria-hidden=\"true\">*<\/span><\/label><textarea id=\"wpforms-285-field_5\" class=\"wpforms-field-medium wpforms-field-required\" name=\"wpforms[fields][5]\" aria-errormessage=\"wpforms-285-field_5-error\" required><\/textarea><\/div><script>\n\t\t\t\t( function() {\n\t\t\t\t\tconst style = document.createElement( 'style' );\n\t\t\t\t\tstyle.appendChild( document.createTextNode( '#wpforms-285-field_1-container { position: absolute !important; overflow: hidden !important; display: inline !important; height: 1px !important; width: 1px !important; z-index: -1000 !important; padding: 0 !important; } #wpforms-285-field_1-container input { visibility: hidden; } #wpforms-conversational-form-page #wpforms-285-field_1-container label { counter-increment: none; }' ) );\n\t\t\t\t\tdocument.head.appendChild( style );\n\t\t\t\t\tdocument.currentScript?.remove();\n\t\t\t\t} )();\n\t\t\t<\/script><\/div><!-- .wpforms-field-container --><div class=\"wpforms-submit-container\" ><input type=\"hidden\" name=\"wpforms[id]\" value=\"285\"><input type=\"hidden\" name=\"page_title\" value=\"\"><input type=\"hidden\" name=\"page_url\" value=\"https:\/\/gacon.byclarq.nl\/de\/wp-json\/wp\/v2\/pages\/46\"><input type=\"hidden\" name=\"url_referer\" value=\"\"><button type=\"submit\" name=\"wpforms[submit]\" id=\"wpforms-submit-285\" class=\"wpforms-submit\" data-alt-text=\"Versturen...\" data-submit-text=\"Verstuur je vraag\" aria-live=\"assertive\" value=\"wpforms-submit\">Senden Sie Ihre Frage<\/button><img loading=\"lazy\" decoding=\"async\" src=\"https:\/\/gacon.byclarq.nl\/wp-content\/plugins\/wpforms\/assets\/images\/submit-spin.svg\" class=\"wpforms-submit-spinner\" style=\"display: none;\" width=\"26\" height=\"26\" alt=\"Wird geladen\"><\/div><input type=\"hidden\" name=\"trp-form-language\" value=\"de\"\/><\/form><\/div>  <!-- .wpforms-container -->            <\/div>\n        <\/div>\n    <\/div>\n<\/section>\n\n\n<section class=\"contact-form bg-creme\">\n    <div class=\"boxed\">\n                <div class=\"info border-off width-40 position-center\">\n                            <div class=\"heading\"><h2>Immer auf dem Laufenden \u00fcber die neuesten Entwicklungen?<\/h2><\/div>\n                                    <div class=\"form\">\n                <style id=\"wpforms-css-vars-296\">\n\t\t\t\t#wpforms-296 {\n\t\t\t\t--wpforms-field-size-input-height: 43px;\n--wpforms-field-size-input-spacing: 15px;\n--wpforms-field-size-font-size: 16px;\n--wpforms-field-size-line-height: 19px;\n--wpforms-field-size-padding-h: 14px;\n--wpforms-field-size-checkbox-size: 16px;\n--wpforms-field-size-sublabel-spacing: 5px;\n--wpforms-field-size-icon-size: 1;\n--wpforms-label-size-font-size: 16px;\n--wpforms-label-size-line-height: 19px;\n--wpforms-label-size-sublabel-font-size: 14px;\n--wpforms-label-size-sublabel-line-height: 17px;\n--wpforms-button-size-font-size: 17px;\n--wpforms-button-size-height: 41px;\n--wpforms-button-size-padding-h: 15px;\n--wpforms-button-size-margin-top: 10px;\n--wpforms-container-shadow-size-box-shadow: none;\n\t\t\t}\n\t\t\t<\/style><div class=\"wpforms-container wpforms-container-full wpforms-render-modern\" id=\"wpforms-296\"><form id=\"wpforms-form-296\" class=\"wpforms-validate wpforms-form wpforms-ajax-form\" data-formid=\"296\" method=\"post\" enctype=\"multipart\/form-data\" action=\"\/de\/wp-json\/wp\/v2\/pages\/46\" data-token=\"5ff253b6c77e91b3204450c3e5404cb0\" data-token-time=\"1778053878\" data-trp-original-action=\"\/de\/wp-json\/wp\/v2\/pages\/46\"><noscript class=\"wpforms-error-noscript\">Bitte aktiviere JavaScript in deinem Browser, um dieses Formular fertigzustellen.<\/noscript><div id=\"wpforms-error-noscript\" style=\"display: none;\">Bitte aktiviere JavaScript in deinem Browser, um dieses Formular fertigzustellen.<\/div><div class=\"wpforms-field-container\">\t\t<div id=\"wpforms-296-field_1-container\"\n\t\t\tclass=\"wpforms-field wpforms-field-text\"\n\t\t\tdata-field-type=\"text\"\n\t\t\tdata-field-id=\"1\"\n\t\t\t>\n\t\t\t<label class=\"wpforms-field-label\" for=\"wpforms-296-field_1\" >Ihre E-Mail Adresse Layout<\/label>\n\t\t\t<input type=\"text\" id=\"wpforms-296-field_1\" class=\"wpforms-field-medium\" name=\"wpforms[fields][1]\" >\n\t\t<\/div>\n\t\t<div id=\"wpforms-296-field_2-container\" class=\"wpforms-field wpforms-field-layout\" data-field-id=\"2\"><div class=\"wpforms-field-layout-rows wpforms-field-large\"><div class=\"wpforms-layout-row\"><div class=\"wpforms-layout-column wpforms-layout-column-50\"><div id=\"wpforms-296-field_4-container\" class=\"wpforms-field wpforms-field-name\" data-field-id=\"4\"><label class=\"wpforms-field-label\" for=\"wpforms-296-field_4\">Ihr Name <span class=\"wpforms-required-label\" aria-hidden=\"true\">*<\/span><\/label><input type=\"text\" id=\"wpforms-296-field_4\" class=\"wpforms-field-medium wpforms-field-required\" name=\"wpforms[fields][4]\" aria-errormessage=\"wpforms-296-field_4-error\" required><\/div><\/div><div class=\"wpforms-layout-column wpforms-layout-column-50\"><div id=\"wpforms-296-field_5-container\" class=\"wpforms-field wpforms-field-email\" data-field-id=\"5\"><label class=\"wpforms-field-label\" for=\"wpforms-296-field_5\">Ihre E-Mail Adresse <span class=\"wpforms-required-label\" aria-hidden=\"true\">*<\/span><\/label><input type=\"email\" id=\"wpforms-296-field_5\" class=\"wpforms-field-medium wpforms-field-required\" name=\"wpforms[fields][5]\" spellcheck=\"false\" aria-errormessage=\"wpforms-296-field_5-error\" required><\/div><\/div><\/div><\/div><\/div><script>\n\t\t\t\t( function() {\n\t\t\t\t\tconst style = document.createElement( 'style' );\n\t\t\t\t\tstyle.appendChild( document.createTextNode( '#wpforms-285-field_1-container,#wpforms-296-field_1-container { position: absolute !important; overflow: hidden !important; display: inline !important; height: 1px !important; width: 1px !important; z-index: -1000 !important; padding: 0 !important; } #wpforms-285-field_1-container,#wpforms-296-field_1-container input { visibility: hidden; } #wpforms-conversational-form-page #wpforms-285-field_1-container,#wpforms-296-field_1-container label { counter-increment: none; }' ) );\n\t\t\t\t\tdocument.head.appendChild( style );\n\t\t\t\t\tdocument.currentScript?.remove();\n\t\t\t\t} )();\n\t\t\t<\/script><\/div><!-- .wpforms-field-container --><div class=\"wpforms-submit-container\" ><input type=\"hidden\" name=\"wpforms[id]\" value=\"296\"><input type=\"hidden\" name=\"page_title\" value=\"\"><input type=\"hidden\" name=\"page_url\" value=\"https:\/\/gacon.byclarq.nl\/de\/wp-json\/wp\/v2\/pages\/46\"><input type=\"hidden\" name=\"url_referer\" value=\"\"><button type=\"submit\" name=\"wpforms[submit]\" id=\"wpforms-submit-296\" class=\"wpforms-submit\" data-alt-text=\"Versturen...\" data-submit-text=\"Versturen\" aria-live=\"assertive\" value=\"wpforms-submit\">Senden Sie<\/button><img loading=\"lazy\" decoding=\"async\" src=\"https:\/\/gacon.byclarq.nl\/wp-content\/plugins\/wpforms\/assets\/images\/submit-spin.svg\" class=\"wpforms-submit-spinner\" style=\"display: none;\" width=\"26\" height=\"26\" alt=\"Wird geladen\"><\/div><input type=\"hidden\" name=\"trp-form-language\" value=\"de\"\/><\/form><\/div>  <!-- .wpforms-container -->            <\/div>\n        <\/div>\n    <\/div>\n<\/section>","protected":false},"excerpt":{"rendered":"","protected":false},"author":1,"featured_media":0,"parent":0,"menu_order":0,"comment_status":"closed","ping_status":"closed","template":"","meta":{"_acf_changed":false,"footnotes":""},"class_list":["post-46","page","type-page","status-publish"],"acf":[],"_links":{"self":[{"href":"https:\/\/gacon.byclarq.nl\/de\/wp-json\/wp\/v2\/pages\/46","targetHints":{"allow":["GET"]}}],"collection":[{"href":"https:\/\/gacon.byclarq.nl\/de\/wp-json\/wp\/v2\/pages"}],"about":[{"href":"https:\/\/gacon.byclarq.nl\/de\/wp-json\/wp\/v2\/types\/page"}],"author":[{"embeddable":true,"href":"https:\/\/gacon.byclarq.nl\/de\/wp-json\/wp\/v2\/users\/1"}],"replies":[{"embeddable":true,"href":"https:\/\/gacon.byclarq.nl\/de\/wp-json\/wp\/v2\/comments?post=46"}],"version-history":[{"count":6,"href":"https:\/\/gacon.byclarq.nl\/de\/wp-json\/wp\/v2\/pages\/46\/revisions"}],"predecessor-version":[{"id":344,"href":"https:\/\/gacon.byclarq.nl\/de\/wp-json\/wp\/v2\/pages\/46\/revisions\/344"}],"wp:attachment":[{"href":"https:\/\/gacon.byclarq.nl\/de\/wp-json\/wp\/v2\/media?parent=46"}],"curies":[{"name":"wp","href":"https:\/\/api.w.org\/{rel}","templated":true}]}}