{"id":44,"date":"2025-07-29T07:49:26","date_gmt":"2025-07-29T07:49:26","guid":{"rendered":"https:\/\/gacon.byclarq.nl\/?page_id=44"},"modified":"2025-08-13T07:55:33","modified_gmt":"2025-08-13T07:55:33","slug":"contact","status":"publish","type":"page","link":"https:\/\/gacon.byclarq.nl\/de\/contact\/","title":{"rendered":"Kontakt"},"content":{"rendered":"<section class=\"hero\">\n    <div class=\"full-width\">\n                <div class=\"boxed\">\n            <div class=\"info\">\n                                    <div class=\"heading\">\n                        <h1>Haben Sie noch Fragen?                                                        <br><span>Unsere Spezialisten sind f\u00fcr Sie da<\/span><\/h1>\n                                            <\/div>\n                                                    <div class=\"breadcrumbs\">\n                        <nav aria-label=\"Semmelbr\u00f6sel\" class=\"rank-math-breadcrumb\"><p><span class=\"last\"><\/span><\/p><\/nav>                    <\/div>\n                            <\/div>\n        <\/div>\n    <\/div>\n<\/section>\n\n\n\n<section class=\"contact\">\n    <div class=\"boxed\">\n        <div class=\"media\">\n                            <img decoding=\"async\" class=\"animation\" src=\"https:\/\/gacon.byclarq.nl\/wp-content\/uploads\/2025\/07\/Triflex-vloeren_-ideaal-voor-balkons-en-galerijen-6.png\" alt=\"contact\">\n                    <\/div>\n        <div class=\"info\">\n            <div class=\"items\">\n                                    <div class=\"item\">\n                        <div class=\"heading-info\">\n                                                            <div class=\"icon\">\n                                    <img decoding=\"async\" src=\"https:\/\/gacon.byclarq.nl\/wp-content\/uploads\/2025\/07\/Group-1410103684.svg\"\n                                         alt=\"Phone icon\">\n                                <\/div>\n                                                                                        <h2 class=\"heading\">Telefonischer Kontakt<\/h2>\n                                                    <\/div>\n                                                    <div class=\"content\"><p>Haben Sie eine dringende Frage an einen unserer Mitarbeiter? Z\u00f6gern Sie nicht und kontaktieren Sie uns per Telefon.<\/p>\n<p><a href=\"tel:0243482800\"><strong>+31 024-3482800<\/strong><\/a><\/p>\n<\/div>\n                                            <\/div>\n                                    <div class=\"item\">\n                        <div class=\"heading-info\">\n                                                            <div class=\"icon\">\n                                    <img decoding=\"async\" src=\"https:\/\/gacon.byclarq.nl\/wp-content\/uploads\/2025\/07\/Group-1410103684.svg\"\n                                         alt=\"Phone icon\">\n                                <\/div>\n                                                                                        <h2 class=\"heading\">Mail an uns<\/h2>\n                                                    <\/div>\n                                                    <div class=\"content\"><p>Haben Sie eine dringende Frage an eine\/n unserer Mitarbeiterinnen und Mitarbeiter? Dann z\u00f6gern Sie nicht, uns direkt per E-Mail zu kontaktieren. Wir werden Ihnen so schnell wie m\u00f6glich antworten.<\/p>\n<p><a href=\"mailto:info@gacon.nl\" target=\"_blank\" rel=\"noopener\"><strong>info@gacon.nl<\/strong><\/a><\/p>\n<\/div>\n                                            <\/div>\n                            <\/div>\n        <\/div>\n    <\/div>\n<\/section>\n\n\n<section class=\"contact-form bg-creme\">\n    <div class=\"boxed\">\n                <div class=\"info border-on width-80 position-center\">\n                            <div class=\"heading\"><h2>Kontakt-Formular<\/h2><\/div>\n                                        <div class=\"content\"><p>M\u00f6chten Sie weitere Informationen \u00fcber unsere Dienstleistungen? F\u00fcllen Sie das untenstehende Kontaktformular aus und wir werden uns so schnell wie m\u00f6glich bei Ihnen melden.<\/p>\n<\/div>\n                        <div class=\"form\">\n                <style id=\"wpforms-css-vars-285\">\n\t\t\t\t#wpforms-285 {\n\t\t\t\t--wpforms-field-size-input-height: 43px;\n--wpforms-field-size-input-spacing: 15px;\n--wpforms-field-size-font-size: 16px;\n--wpforms-field-size-line-height: 19px;\n--wpforms-field-size-padding-h: 14px;\n--wpforms-field-size-checkbox-size: 16px;\n--wpforms-field-size-sublabel-spacing: 5px;\n--wpforms-field-size-icon-size: 1;\n--wpforms-label-size-font-size: 16px;\n--wpforms-label-size-line-height: 19px;\n--wpforms-label-size-sublabel-font-size: 14px;\n--wpforms-label-size-sublabel-line-height: 17px;\n--wpforms-button-size-font-size: 17px;\n--wpforms-button-size-height: 41px;\n--wpforms-button-size-padding-h: 15px;\n--wpforms-button-size-margin-top: 10px;\n--wpforms-container-shadow-size-box-shadow: none;\n\t\t\t}\n\t\t\t<\/style><div class=\"wpforms-container wpforms-container-full wpforms-render-modern\" id=\"wpforms-285\"><form id=\"wpforms-form-285\" class=\"wpforms-validate wpforms-form wpforms-ajax-form\" data-formid=\"285\" method=\"post\" enctype=\"multipart\/form-data\" action=\"\/de\/wp-json\/wp\/v2\/pages\/44\" data-token=\"6a17b6303bad2c99935c0db60b086bea\" data-token-time=\"1778053306\" data-trp-original-action=\"\/de\/wp-json\/wp\/v2\/pages\/44\"><noscript class=\"wpforms-error-noscript\">Bitte aktiviere JavaScript in deinem Browser, um dieses Formular fertigzustellen.<\/noscript><div id=\"wpforms-error-noscript\" style=\"display: none;\">Bitte aktiviere JavaScript in deinem Browser, um dieses Formular fertigzustellen.<\/div><div class=\"wpforms-field-container\"><div id=\"wpforms-285-field_2-container\" class=\"wpforms-field wpforms-field-name\" data-field-id=\"2\"><label class=\"wpforms-field-label\" for=\"wpforms-285-field_2\">Ihr Name <span class=\"wpforms-required-label\" aria-hidden=\"true\">*<\/span><\/label><input type=\"text\" id=\"wpforms-285-field_2\" class=\"wpforms-field-large wpforms-field-required\" name=\"wpforms[fields][2]\" aria-errormessage=\"wpforms-285-field_2-error\" required><\/div><div id=\"wpforms-285-field_3-container\" class=\"wpforms-field wpforms-field-email\" data-field-id=\"3\"><label class=\"wpforms-field-label\" for=\"wpforms-285-field_3\">E-Mail Adresse <span class=\"wpforms-required-label\" aria-hidden=\"true\">*<\/span><\/label><input type=\"email\" id=\"wpforms-285-field_3\" class=\"wpforms-field-large wpforms-field-required\" name=\"wpforms[fields][3]\" spellcheck=\"false\" aria-errormessage=\"wpforms-285-field_3-error\" required><\/div><div id=\"wpforms-285-field_4-container\" class=\"wpforms-field wpforms-field-text\" data-field-id=\"4\"><label class=\"wpforms-field-label\" for=\"wpforms-285-field_4\">Ihre Frage<\/label><input type=\"text\" id=\"wpforms-285-field_4\" class=\"wpforms-field-large\" name=\"wpforms[fields][4]\" aria-errormessage=\"wpforms-285-field_4-error\" ><\/div>\t\t<div id=\"wpforms-285-field_1-container\"\n\t\t\tclass=\"wpforms-field wpforms-field-text\"\n\t\t\tdata-field-type=\"text\"\n\t\t\tdata-field-id=\"1\"\n\t\t\t>\n\t\t\t<label class=\"wpforms-field-label\" for=\"wpforms-285-field_1\" >E-Mail Adresse Nachricht Ihr<\/label>\n\t\t\t<input type=\"text\" id=\"wpforms-285-field_1\" class=\"wpforms-field-medium\" name=\"wpforms[fields][1]\" >\n\t\t<\/div>\n\t\t<div id=\"wpforms-285-field_5-container\" class=\"wpforms-field wpforms-field-textarea\" data-field-id=\"5\"><label class=\"wpforms-field-label\" for=\"wpforms-285-field_5\">Nachricht <span class=\"wpforms-required-label\" aria-hidden=\"true\">*<\/span><\/label><textarea id=\"wpforms-285-field_5\" class=\"wpforms-field-medium wpforms-field-required\" name=\"wpforms[fields][5]\" aria-errormessage=\"wpforms-285-field_5-error\" required><\/textarea><\/div><script>\n\t\t\t\t( function() {\n\t\t\t\t\tconst style = document.createElement( 'style' );\n\t\t\t\t\tstyle.appendChild( document.createTextNode( '#wpforms-285-field_1-container { position: absolute !important; overflow: hidden !important; display: inline !important; height: 1px !important; width: 1px !important; z-index: -1000 !important; padding: 0 !important; } #wpforms-285-field_1-container input { visibility: hidden; } #wpforms-conversational-form-page #wpforms-285-field_1-container label { counter-increment: none; }' ) );\n\t\t\t\t\tdocument.head.appendChild( style );\n\t\t\t\t\tdocument.currentScript?.remove();\n\t\t\t\t} )();\n\t\t\t<\/script><\/div><!-- .wpforms-field-container --><div class=\"wpforms-submit-container\" ><input type=\"hidden\" name=\"wpforms[id]\" value=\"285\"><input type=\"hidden\" name=\"page_title\" value=\"\"><input type=\"hidden\" name=\"page_url\" value=\"https:\/\/gacon.byclarq.nl\/de\/wp-json\/wp\/v2\/pages\/44\"><input type=\"hidden\" name=\"url_referer\" value=\"\"><button type=\"submit\" name=\"wpforms[submit]\" id=\"wpforms-submit-285\" class=\"wpforms-submit\" data-alt-text=\"Versturen...\" data-submit-text=\"Verstuur je vraag\" aria-live=\"assertive\" value=\"wpforms-submit\">Senden Sie Ihre Frage<\/button><img loading=\"lazy\" decoding=\"async\" src=\"https:\/\/gacon.byclarq.nl\/wp-content\/plugins\/wpforms\/assets\/images\/submit-spin.svg\" class=\"wpforms-submit-spinner\" style=\"display: none;\" width=\"26\" height=\"26\" alt=\"Wird geladen\"><\/div><input type=\"hidden\" name=\"trp-form-language\" value=\"de\"\/><\/form><\/div>  <!-- .wpforms-container -->            <\/div>\n        <\/div>\n    <\/div>\n<\/section>\n\n\n    <section class=\"text-media layout-full-width image-right\">\n                    <div class=\"info bg-dark-green\">\n                <div class=\"items\">\n                                            <div class=\"item\">\n                                                            <h2 class=\"heading\">Kommen Sie vorbei!<\/h2>\n                            \n                                                            <div class=\"content style-arrow\"><p>Gro\u00dfhandel Stra\u00dfe 5<br \/>\n6515 AH Nijmegen<\/p>\n<p>Montag bis Freitag von 7.30 Uhr bis 16.30 Uhr.<\/p>\n<\/div>\n                            \n                                                            <div class=\"btn-group\">\n                                                                            <a href=\"#\"\n                                           target=\"\"\n                                           class=\"btn btn-primary\">Wegbeschreibung<\/a>\n                                                                    <\/div>\n                                                    <\/div>\n                                    <\/div>\n            <\/div>\n                <div class=\"media\">\n                            <img decoding=\"async\" class=\"animation\" src=\"https:\/\/gacon.byclarq.nl\/wp-content\/uploads\/2025\/08\/Screenshot-2025-07-21-at-12.08.31-1.png\" alt=\"\">\n                    <\/div>\n    <\/section>\n\n\n\n<section class=\"contact-form bg-creme-green\">\n    <div class=\"boxed\">\n                <div class=\"info border-off width-40 position-center\">\n                            <div class=\"heading\"><h2>Immer auf dem Laufenden \u00fcber die neuesten Entwicklungen?<\/h2><\/div>\n                                    <div class=\"form\">\n                <style id=\"wpforms-css-vars-296\">\n\t\t\t\t#wpforms-296 {\n\t\t\t\t--wpforms-field-size-input-height: 43px;\n--wpforms-field-size-input-spacing: 15px;\n--wpforms-field-size-font-size: 16px;\n--wpforms-field-size-line-height: 19px;\n--wpforms-field-size-padding-h: 14px;\n--wpforms-field-size-checkbox-size: 16px;\n--wpforms-field-size-sublabel-spacing: 5px;\n--wpforms-field-size-icon-size: 1;\n--wpforms-label-size-font-size: 16px;\n--wpforms-label-size-line-height: 19px;\n--wpforms-label-size-sublabel-font-size: 14px;\n--wpforms-label-size-sublabel-line-height: 17px;\n--wpforms-button-size-font-size: 17px;\n--wpforms-button-size-height: 41px;\n--wpforms-button-size-padding-h: 15px;\n--wpforms-button-size-margin-top: 10px;\n--wpforms-container-shadow-size-box-shadow: none;\n\t\t\t}\n\t\t\t<\/style><div class=\"wpforms-container wpforms-container-full wpforms-render-modern\" id=\"wpforms-296\"><form id=\"wpforms-form-296\" class=\"wpforms-validate wpforms-form wpforms-ajax-form\" data-formid=\"296\" method=\"post\" enctype=\"multipart\/form-data\" action=\"\/de\/wp-json\/wp\/v2\/pages\/44\" data-token=\"5ff253b6c77e91b3204450c3e5404cb0\" data-token-time=\"1778053306\" data-trp-original-action=\"\/de\/wp-json\/wp\/v2\/pages\/44\"><noscript class=\"wpforms-error-noscript\">Bitte aktiviere JavaScript in deinem Browser, um dieses Formular fertigzustellen.<\/noscript><div id=\"wpforms-error-noscript\" style=\"display: none;\">Bitte aktiviere JavaScript in deinem Browser, um dieses Formular fertigzustellen.<\/div><div class=\"wpforms-field-container\">\t\t<div id=\"wpforms-296-field_1-container\"\n\t\t\tclass=\"wpforms-field wpforms-field-text\"\n\t\t\tdata-field-type=\"text\"\n\t\t\tdata-field-id=\"1\"\n\t\t\t>\n\t\t\t<label class=\"wpforms-field-label\" for=\"wpforms-296-field_1\" >Layout E-Mail Adresse Ihr<\/label>\n\t\t\t<input type=\"text\" id=\"wpforms-296-field_1\" class=\"wpforms-field-medium\" name=\"wpforms[fields][1]\" >\n\t\t<\/div>\n\t\t<div id=\"wpforms-296-field_2-container\" class=\"wpforms-field wpforms-field-layout\" data-field-id=\"2\"><div class=\"wpforms-field-layout-rows wpforms-field-large\"><div class=\"wpforms-layout-row\"><div class=\"wpforms-layout-column wpforms-layout-column-50\"><div id=\"wpforms-296-field_4-container\" class=\"wpforms-field wpforms-field-name\" data-field-id=\"4\"><label class=\"wpforms-field-label\" for=\"wpforms-296-field_4\">Ihr Name <span class=\"wpforms-required-label\" aria-hidden=\"true\">*<\/span><\/label><input type=\"text\" id=\"wpforms-296-field_4\" class=\"wpforms-field-medium wpforms-field-required\" name=\"wpforms[fields][4]\" aria-errormessage=\"wpforms-296-field_4-error\" required><\/div><\/div><div class=\"wpforms-layout-column wpforms-layout-column-50\"><div id=\"wpforms-296-field_5-container\" class=\"wpforms-field wpforms-field-email\" data-field-id=\"5\"><label class=\"wpforms-field-label\" for=\"wpforms-296-field_5\">Ihre E-Mail Adresse <span class=\"wpforms-required-label\" aria-hidden=\"true\">*<\/span><\/label><input type=\"email\" id=\"wpforms-296-field_5\" class=\"wpforms-field-medium wpforms-field-required\" name=\"wpforms[fields][5]\" spellcheck=\"false\" aria-errormessage=\"wpforms-296-field_5-error\" required><\/div><\/div><\/div><\/div><\/div><script>\n\t\t\t\t( function() {\n\t\t\t\t\tconst style = document.createElement( 'style' );\n\t\t\t\t\tstyle.appendChild( document.createTextNode( '#wpforms-285-field_1-container,#wpforms-296-field_1-container { position: absolute !important; overflow: hidden !important; display: inline !important; height: 1px !important; width: 1px !important; z-index: -1000 !important; padding: 0 !important; } #wpforms-285-field_1-container,#wpforms-296-field_1-container input { visibility: hidden; } #wpforms-conversational-form-page #wpforms-285-field_1-container,#wpforms-296-field_1-container label { counter-increment: none; }' ) );\n\t\t\t\t\tdocument.head.appendChild( style );\n\t\t\t\t\tdocument.currentScript?.remove();\n\t\t\t\t} )();\n\t\t\t<\/script><\/div><!-- .wpforms-field-container --><div class=\"wpforms-submit-container\" ><input type=\"hidden\" name=\"wpforms[id]\" value=\"296\"><input type=\"hidden\" name=\"page_title\" value=\"\"><input type=\"hidden\" name=\"page_url\" value=\"https:\/\/gacon.byclarq.nl\/de\/wp-json\/wp\/v2\/pages\/44\"><input type=\"hidden\" name=\"url_referer\" value=\"\"><button type=\"submit\" name=\"wpforms[submit]\" id=\"wpforms-submit-296\" class=\"wpforms-submit\" data-alt-text=\"Versturen...\" data-submit-text=\"Versturen\" aria-live=\"assertive\" value=\"wpforms-submit\">Senden Sie<\/button><img loading=\"lazy\" decoding=\"async\" src=\"https:\/\/gacon.byclarq.nl\/wp-content\/plugins\/wpforms\/assets\/images\/submit-spin.svg\" class=\"wpforms-submit-spinner\" style=\"display: none;\" width=\"26\" height=\"26\" alt=\"Wird geladen\"><\/div><input type=\"hidden\" name=\"trp-form-language\" value=\"de\"\/><\/form><\/div>  <!-- .wpforms-container -->            <\/div>\n        <\/div>\n    <\/div>\n<\/section>","protected":false},"excerpt":{"rendered":"","protected":false},"author":1,"featured_media":0,"parent":0,"menu_order":0,"comment_status":"closed","ping_status":"closed","template":"","meta":{"_acf_changed":false,"footnotes":""},"class_list":["post-44","page","type-page","status-publish"],"acf":[],"_links":{"self":[{"href":"https:\/\/gacon.byclarq.nl\/de\/wp-json\/wp\/v2\/pages\/44","targetHints":{"allow":["GET"]}}],"collection":[{"href":"https:\/\/gacon.byclarq.nl\/de\/wp-json\/wp\/v2\/pages"}],"about":[{"href":"https:\/\/gacon.byclarq.nl\/de\/wp-json\/wp\/v2\/types\/page"}],"author":[{"embeddable":true,"href":"https:\/\/gacon.byclarq.nl\/de\/wp-json\/wp\/v2\/users\/1"}],"replies":[{"embeddable":true,"href":"https:\/\/gacon.byclarq.nl\/de\/wp-json\/wp\/v2\/comments?post=44"}],"version-history":[{"count":10,"href":"https:\/\/gacon.byclarq.nl\/de\/wp-json\/wp\/v2\/pages\/44\/revisions"}],"predecessor-version":[{"id":657,"href":"https:\/\/gacon.byclarq.nl\/de\/wp-json\/wp\/v2\/pages\/44\/revisions\/657"}],"wp:attachment":[{"href":"https:\/\/gacon.byclarq.nl\/de\/wp-json\/wp\/v2\/media?parent=44"}],"curies":[{"name":"wp","href":"https:\/\/api.w.org\/{rel}","templated":true}]}}