{"id":38,"date":"2025-07-29T07:49:07","date_gmt":"2025-07-29T07:49:07","guid":{"rendered":"https:\/\/gacon.byclarq.nl\/?page_id=38"},"modified":"2025-07-30T13:28:02","modified_gmt":"2025-07-30T13:28:02","slug":"nieuws","status":"publish","type":"page","link":"https:\/\/gacon.byclarq.nl\/de\/nieuws\/","title":{"rendered":"Nachrichten"},"content":{"rendered":"<section class=\"hero\">\n    <div class=\"full-width\">\n                <div class=\"boxed\">\n            <div class=\"info\">\n                                    <div class=\"heading\">\n                        <h1>Gacon Nachrichten                                                        <br><span>Bleiben Sie auf dem Laufenden \u00fcber die neuesten Entwicklungen.<\/span><\/h1>\n                                            <\/div>\n                                                    <div class=\"breadcrumbs\">\n                        <nav aria-label=\"Semmelbr\u00f6sel\" class=\"rank-math-breadcrumb\"><p><span class=\"last\"><\/span><\/p><\/nav>                    <\/div>\n                            <\/div>\n        <\/div>\n    <\/div>\n<\/section>\n\n\n\n<section class=\"post-overview hide type-post\" id=\"filters\">\n    <div class=\"boxed\">\n                <div class=\"items\">\n                                                <div class=\"item\">\n                                                    <div class=\"post\">\n                                                                    <div class=\"image\">\n                                        <a href=\"https:\/\/gacon.byclarq.nl\/de\/hoe-kan-je-het-beste-metaal-beschermen-3\/\">\n                                            <img decoding=\"async\" class=\"animation\" src=\"https:\/\/gacon.byclarq.nl\/wp-content\/uploads\/2025\/07\/De-juiste-kunststofvloer-kiezen-4.png\"\n                                                 alt=\"Hoe kan je het beste metaal beschermen?\"\/>\n                                        <\/a>\n                                    <\/div>\n                                                                <span class=\"date\">30. Juli 2025<\/span>\n                                <h3 class=\"heading\">\n                                    <a href=\"https:\/\/gacon.byclarq.nl\/de\/hoe-kan-je-het-beste-metaal-beschermen-3\/\">Wie l\u00e4sst sich Metall am besten sch\u00fctzen?<\/a>\n                                <\/h3>\n                                <p class=\"description\">Metall ist ein weit verbreitetes Material und wird in unz\u00e4hligen Produkten wie Autos, Maschinen, Geb\u00e4uden und M\u00f6beln verwendet. In diesem Blog er\u00f6rtern wir, wie Sie Ihr Metall am besten sch\u00fctzen k\u00f6nnen.<\/p>\n                                <a href=\"https:\/\/gacon.byclarq.nl\/de\/hoe-kan-je-het-beste-metaal-beschermen-3\/\" class=\"btn btn-outline\">Mehr lesen<\/a>\n                            <\/div>\n                                            <\/div>\n                                    <div class=\"item\">\n                                                    <div class=\"post\">\n                                                                    <div class=\"image\">\n                                        <a href=\"https:\/\/gacon.byclarq.nl\/de\/hoe-kan-je-het-beste-metaal-beschermen1\/\">\n                                            <img decoding=\"async\" class=\"animation\" src=\"https:\/\/gacon.byclarq.nl\/wp-content\/uploads\/2025\/07\/De-juiste-kunststofvloer-kiezen-4.png\"\n                                                 alt=\"Hoe kan je het beste metaal beschermen?\"\/>\n                                        <\/a>\n                                    <\/div>\n                                                                <span class=\"date\">30. Juli 2025<\/span>\n                                <h3 class=\"heading\">\n                                    <a href=\"https:\/\/gacon.byclarq.nl\/de\/hoe-kan-je-het-beste-metaal-beschermen1\/\">Wie l\u00e4sst sich Metall am besten sch\u00fctzen?<\/a>\n                                <\/h3>\n                                <p class=\"description\">Metall ist ein weit verbreitetes Material und wird in unz\u00e4hligen Produkten wie Autos, Maschinen, Geb\u00e4uden und M\u00f6beln verwendet. In diesem Blog er\u00f6rtern wir, wie Sie Ihr Metall am besten sch\u00fctzen k\u00f6nnen.<\/p>\n                                <a href=\"https:\/\/gacon.byclarq.nl\/de\/hoe-kan-je-het-beste-metaal-beschermen1\/\" class=\"btn btn-outline\">Mehr lesen<\/a>\n                            <\/div>\n                                            <\/div>\n                                    <div class=\"item\">\n                                                    <div class=\"post\">\n                                                                    <div class=\"image\">\n                                        <a href=\"https:\/\/gacon.byclarq.nl\/de\/hoe-kan-je-het-beste-metaal-beschermen-2\/\">\n                                            <img decoding=\"async\" class=\"animation\" src=\"https:\/\/gacon.byclarq.nl\/wp-content\/uploads\/2025\/07\/De-juiste-kunststofvloer-kiezen-4.png\"\n                                                 alt=\"Hoe kan je het beste metaal beschermen?\"\/>\n                                        <\/a>\n                                    <\/div>\n                                                                <span class=\"date\">30. Juli 2025<\/span>\n                                <h3 class=\"heading\">\n                                    <a href=\"https:\/\/gacon.byclarq.nl\/de\/hoe-kan-je-het-beste-metaal-beschermen-2\/\">Wie l\u00e4sst sich Metall am besten sch\u00fctzen?<\/a>\n                                <\/h3>\n                                <p class=\"description\">Metall ist ein weit verbreitetes Material und wird in unz\u00e4hligen Produkten wie Autos, Maschinen, Geb\u00e4uden und M\u00f6beln verwendet. In diesem Blog er\u00f6rtern wir, wie Sie Ihr Metall am besten sch\u00fctzen k\u00f6nnen.<\/p>\n                                <a href=\"https:\/\/gacon.byclarq.nl\/de\/hoe-kan-je-het-beste-metaal-beschermen-2\/\" class=\"btn btn-outline\">Mehr lesen<\/a>\n                            <\/div>\n                                            <\/div>\n                                    <div class=\"item\">\n                                                    <div class=\"post\">\n                                                                    <div class=\"image\">\n                                        <a href=\"https:\/\/gacon.byclarq.nl\/de\/hoe-kan-je-het-beste-metaal-beschermen\/\">\n                                            <img decoding=\"async\" class=\"animation\" src=\"https:\/\/gacon.byclarq.nl\/wp-content\/uploads\/2025\/07\/De-juiste-kunststofvloer-kiezen-4.png\"\n                                                 alt=\"Hoe kan je het beste metaal beschermen?\"\/>\n                                        <\/a>\n                                    <\/div>\n                                                                <span class=\"date\">30. Juli 2025<\/span>\n                                <h3 class=\"heading\">\n                                    <a href=\"https:\/\/gacon.byclarq.nl\/de\/hoe-kan-je-het-beste-metaal-beschermen\/\">Wie l\u00e4sst sich Metall am besten sch\u00fctzen?<\/a>\n                                <\/h3>\n                                <p class=\"description\">Metall ist ein weit verbreitetes Material und wird in unz\u00e4hligen Produkten wie Autos, Maschinen, Geb\u00e4uden und M\u00f6beln verwendet. In diesem Blog er\u00f6rtern wir, wie Sie Ihr Metall am besten sch\u00fctzen k\u00f6nnen.<\/p>\n                                <a href=\"https:\/\/gacon.byclarq.nl\/de\/hoe-kan-je-het-beste-metaal-beschermen\/\" class=\"btn btn-outline\">Mehr lesen<\/a>\n                            <\/div>\n                                            <\/div>\n                                                    <\/div>\n            <\/div>\n<\/section>","protected":false},"excerpt":{"rendered":"","protected":false},"author":1,"featured_media":0,"parent":0,"menu_order":0,"comment_status":"closed","ping_status":"closed","template":"","meta":{"_acf_changed":false,"footnotes":""},"class_list":["post-38","page","type-page","status-publish"],"acf":[],"_links":{"self":[{"href":"https:\/\/gacon.byclarq.nl\/de\/wp-json\/wp\/v2\/pages\/38","targetHints":{"allow":["GET"]}}],"collection":[{"href":"https:\/\/gacon.byclarq.nl\/de\/wp-json\/wp\/v2\/pages"}],"about":[{"href":"https:\/\/gacon.byclarq.nl\/de\/wp-json\/wp\/v2\/types\/page"}],"author":[{"embeddable":true,"href":"https:\/\/gacon.byclarq.nl\/de\/wp-json\/wp\/v2\/users\/1"}],"replies":[{"embeddable":true,"href":"https:\/\/gacon.byclarq.nl\/de\/wp-json\/wp\/v2\/comments?post=38"}],"version-history":[{"count":10,"href":"https:\/\/gacon.byclarq.nl\/de\/wp-json\/wp\/v2\/pages\/38\/revisions"}],"predecessor-version":[{"id":362,"href":"https:\/\/gacon.byclarq.nl\/de\/wp-json\/wp\/v2\/pages\/38\/revisions\/362"}],"wp:attachment":[{"href":"https:\/\/gacon.byclarq.nl\/de\/wp-json\/wp\/v2\/media?parent=38"}],"curies":[{"name":"wp","href":"https:\/\/api.w.org\/{rel}","templated":true}]}}