{"id":36,"date":"2025-07-29T07:49:00","date_gmt":"2025-07-29T07:49:00","guid":{"rendered":"https:\/\/gacon.byclarq.nl\/?page_id=36"},"modified":"2025-07-30T13:28:12","modified_gmt":"2025-07-30T13:28:12","slug":"onze-projecten","status":"publish","type":"page","link":"https:\/\/gacon.byclarq.nl\/de\/onze-projecten\/","title":{"rendered":"Unsere Projekte"},"content":{"rendered":"<section class=\"hero\">\n    <div class=\"full-width\">\n                <div class=\"boxed\">\n            <div class=\"info\">\n                                    <div class=\"heading\">\n                        <h1>Unsere Projekte                                                        <br><span>In Zusammenarbeit mit unseren Baupartnern haben wir schon viele tolle Projekte realisiert. Sehen Sie, was wir auch f\u00fcr Sie tun k\u00f6nnen.<\/span><\/h1>\n                                            <\/div>\n                                                    <div class=\"breadcrumbs\">\n                        <nav aria-label=\"Semmelbr\u00f6sel\" class=\"rank-math-breadcrumb\"><p><span class=\"last\"><\/span><\/p><\/nav>                    <\/div>\n                            <\/div>\n        <\/div>\n    <\/div>\n<\/section>\n\n\n\n<section class=\"post-overview hide type-project\" id=\"filters\">\n    <div class=\"boxed\">\n                <div class=\"items\">\n                                                <div class=\"item\">\n                                                    <div class=\"project\">\n                                                                    <div class=\"image\">\n                                        <a href=\"https:\/\/gacon.byclarq.nl\/de\/project\/gasthuiskwartier\/\">\n                                            <img decoding=\"async\" class=\"animation\" src=\"https:\/\/gacon.byclarq.nl\/wp-content\/uploads\/2025\/08\/Gasthuiskwartier-2.jpg\"\n                                                 alt=\"Gasthuiskwartier\"\/>\n                                        <\/a>\n\n                                                                                    <div class=\"project-services\">\n                                                                                                    <a href=\"https:\/\/gacon.byclarq.nl\/de\/dienst\/betonbescherming\/\"\n                                                       target=\"_self\">\n                                                        Schutz des Betons                                                    <\/a>\n                                                                                            <\/div>\n                                        \n                                    <\/div>\n                                                                <h3 class=\"heading\">\n                                    <a href=\"https:\/\/gacon.byclarq.nl\/de\/project\/gasthuiskwartier\/\">G\u00e4stehaus Viertel<\/a>\n                                <\/h3>\n                                <p class=\"description\">Im Auftrag des BC Gasthuiskwartier V.O.F. versah Gacon die B\u00f6den, W\u00e4nde und Decken im Untergeschoss des ehemaligen Groot Ziekengasthuis in 's-Hertogenbosch mit dauerhaften Schutzbeschichtungen.<\/p>\n                                                                    <a href=\"https:\/\/gacon.byclarq.nl\/de\/project\/gasthuiskwartier\/\" class=\"btn btn-outline\">Das Projekt ansehen<\/a>\n                                                            <\/div>\n                                            <\/div>\n                                    <div class=\"item\">\n                                                    <div class=\"project\">\n                                                                    <div class=\"image\">\n                                        <a href=\"https:\/\/gacon.byclarq.nl\/de\/project\/fietskelder-bij-stationsgebied-driebergen-zeist\/\">\n                                            <img decoding=\"async\" class=\"animation\" src=\"https:\/\/gacon.byclarq.nl\/wp-content\/uploads\/2025\/08\/Fietskelder-1.jpg\"\n                                                 alt=\"Fietskelder bij Stationsgebied Driebergen-Zeist\"\/>\n                                        <\/a>\n\n                                        \n                                    <\/div>\n                                                                <h3 class=\"heading\">\n                                    <a href=\"https:\/\/gacon.byclarq.nl\/de\/project\/fietskelder-bij-stationsgebied-driebergen-zeist\/\">Fahrradunterstand im Bereich des Bahnhofs Driebergen-Zeist<\/a>\n                                <\/h3>\n                                <p class=\"description\">Lieferung und Einbau von ca. 3.000 m2 Bodenbelag auf Basis von Sikafloor-2540 W in RAL 6018 (G\u00e4nge) und RAL 7004 (Inseln f\u00fcr die Fahrradst\u00e4nder) und ca. 400 m2 Wandbelag auf Basis von Sikagard-675 W in RAL 7004. Der Bodenbelag wurde von DEKRA Rail auf Rutschfestigkeit und Reinigungsf\u00e4higkeit gem\u00e4\u00df den Anforderungen<\/p>\n                                                                    <a href=\"https:\/\/gacon.byclarq.nl\/de\/project\/fietskelder-bij-stationsgebied-driebergen-zeist\/\" class=\"btn btn-outline\">Das Projekt ansehen<\/a>\n                                                            <\/div>\n                                            <\/div>\n                                    <div class=\"item\">\n                                                    <div class=\"project\">\n                                                                    <div class=\"image\">\n                                        <a href=\"https:\/\/gacon.byclarq.nl\/de\/project\/betonbrug-van-voorindikker-1-en-2-bij-rwzi-deventer\/\">\n                                            <img decoding=\"async\" class=\"animation\" src=\"https:\/\/gacon.byclarq.nl\/wp-content\/uploads\/2025\/07\/betonbrug-5.jpg\"\n                                                 alt=\"Betonbrug van voorindikker 1 en 2 bij RWZI Deventer\"\/>\n                                        <\/a>\n\n                                                                                    <div class=\"project-services\">\n                                                                                                    <a href=\"https:\/\/gacon.byclarq.nl\/de\/project-categorie\/metaalconservering\/\"\n                                                       target=\"_self\">\n                                                        Konservierung von Metall                                                    <\/a>\n                                                                                            <\/div>\n                                        \n                                    <\/div>\n                                                                <h3 class=\"heading\">\n                                    <a href=\"https:\/\/gacon.byclarq.nl\/de\/project\/betonbrug-van-voorindikker-1-en-2-bij-rwzi-deventer\/\">Betonbr\u00fccke des Voreindickers 1 und 2 im RWZI Deventer<\/a>\n                                <\/h3>\n                                <p class=\"description\">Gacon wurde von Pannekoek GWW B.V. beauftragt, das MasterSeal 7000 CR System auf die Betonbr\u00fccken der Voreindickungstanks aufzutragen, nachdem der Untergrund mit MasterEmaco Betonreparaturm\u00f6rtel egalisiert wurde. Das Ultra-Hochdruck-Wasserstrahlen mit einem 2500-bar-Schmutzfr\u00e4ser wurde von der Service Group durchgef\u00fchrt.<\/p>\n                                                                    <a href=\"https:\/\/gacon.byclarq.nl\/de\/project\/betonbrug-van-voorindikker-1-en-2-bij-rwzi-deventer\/\" class=\"btn btn-outline\">Das Projekt ansehen<\/a>\n                                                            <\/div>\n                                            <\/div>\n                                                    <\/div>\n            <\/div>\n<\/section>","protected":false},"excerpt":{"rendered":"","protected":false},"author":1,"featured_media":0,"parent":0,"menu_order":0,"comment_status":"closed","ping_status":"closed","template":"","meta":{"_acf_changed":false,"footnotes":""},"class_list":["post-36","page","type-page","status-publish"],"acf":[],"_links":{"self":[{"href":"https:\/\/gacon.byclarq.nl\/de\/wp-json\/wp\/v2\/pages\/36","targetHints":{"allow":["GET"]}}],"collection":[{"href":"https:\/\/gacon.byclarq.nl\/de\/wp-json\/wp\/v2\/pages"}],"about":[{"href":"https:\/\/gacon.byclarq.nl\/de\/wp-json\/wp\/v2\/types\/page"}],"author":[{"embeddable":true,"href":"https:\/\/gacon.byclarq.nl\/de\/wp-json\/wp\/v2\/users\/1"}],"replies":[{"embeddable":true,"href":"https:\/\/gacon.byclarq.nl\/de\/wp-json\/wp\/v2\/comments?post=36"}],"version-history":[{"count":4,"href":"https:\/\/gacon.byclarq.nl\/de\/wp-json\/wp\/v2\/pages\/36\/revisions"}],"predecessor-version":[{"id":363,"href":"https:\/\/gacon.byclarq.nl\/de\/wp-json\/wp\/v2\/pages\/36\/revisions\/363"}],"wp:attachment":[{"href":"https:\/\/gacon.byclarq.nl\/de\/wp-json\/wp\/v2\/media?parent=36"}],"curies":[{"name":"wp","href":"https:\/\/api.w.org\/{rel}","templated":true}]}}