{"id":34,"date":"2025-07-29T07:48:53","date_gmt":"2025-07-29T07:48:53","guid":{"rendered":"https:\/\/gacon.byclarq.nl\/?page_id=34"},"modified":"2025-08-13T14:54:31","modified_gmt":"2025-08-13T14:54:31","slug":"over-gacon","status":"publish","type":"page","link":"https:\/\/gacon.byclarq.nl\/de\/over-gacon\/","title":{"rendered":"\u00dcber Gacon"},"content":{"rendered":"<section class=\"hero\">\n    <div class=\"full-width\">\n                <div class=\"boxed\">\n            <div class=\"info\">\n                                    <div class=\"heading\">\n                        <h1>\u00dcber Gacon                                                        <br><span>Wir streben eine echte Partnerschaft an.<\/span><\/h1>\n                                            <\/div>\n                                                    <div class=\"breadcrumbs\">\n                        <nav aria-label=\"Semmelbr\u00f6sel\" class=\"rank-math-breadcrumb\"><p><span class=\"last\"><\/span><\/p><\/nav>                    <\/div>\n                            <\/div>\n        <\/div>\n    <\/div>\n<\/section>\n\n\n\n<section class=\"texts bg-creme\">\n    <div class=\"boxed\">\n                    <div class=\"rows\">\n                <div class=\"row\">\n                                            <div class=\"col heading-col index-0\">\n                                                                                <\/div>\n                                            <div class=\"col heading-col index-1\">\n                                                                                <\/div>\n                                    <\/div>\n                <div class=\"row\">\n                                            <div class=\"col content-col index-0\">\n                                                            <div class=\"contents\">\n                                    <div class=\"content\">\n                                        <p><strong>Mit unseren vier Hauptaktivit\u00e4ten <a href=\"\/de\/dienst\/balkon-afwerking\/\">Balkon- und Galerieausf\u00fchrungen,<\/a> <a href=\"\/de\/kunststofvloeren\/\">Kunststoffbodenbelag<\/a>, <a href=\"\/de\/dienst\/betonbescherming\/\">Betonsanierung<\/a> und <a href=\"\/de\/metaalconservering\/\">Metallkonservierung<\/a> Unsere Aufgabe ist es, Betonsubstrate und Objekte zu versch\u00f6nern und zu erhalten.<\/strong><\/p>\n                                    <\/div>\n                                <\/div>\n                                                    <\/div>\n                                            <div class=\"col content-col index-1\">\n                                                            <div class=\"contents\">\n                                    <div class=\"content\">\n                                        <p><strong>Zu diesem Zweck agieren wir als Baupartner oder Subunternehmer und arbeiten intensiv mit Bauunternehmen, gro\u00dfen Malerbetrieben und Geb\u00e4udeinstandhaltungsfirmen zusammen.<\/strong><\/p>\n                                    <\/div>\n                                <\/div>\n                                                    <\/div>\n                                    <\/div>\n                <div class=\"row\">\n                                            <div class=\"col button-col index-0\">\n                                                    <\/div>\n                                            <div class=\"col button-col index-1\">\n                                                    <\/div>\n                                    <\/div>\n            <\/div>\n            <\/div>\n<\/section>\n\n\n\n    <section\n            class=\"text-media layout-boxed bg-creme\">\n        <div class=\"boxed image-left\">\n                            <div class=\"info\">\n                    <div class=\"items\">\n                                                    <div class=\"item\">\n                                                                    <h2 class=\"heading\">Arbeiten im Innen- und Au\u00dfenbereich<\/h2>\n                                \n                                                                    <div class=\"content style-arrow\"><p>Unsere T\u00e4tigkeiten k\u00f6nnen in Innen- und Au\u00dfenarbeiten unterteilt werden. Zu den Innenarbeiten geh\u00f6ren station\u00e4re T\u00e4tigkeiten wie die Metallkonservierung. Diese finden in unserer multifunktionalen Werkstatt statt, in der wir unter anderem \u00fcber eine moderne Strahlanlage verf\u00fcgen.<\/p>\n<p>Im Au\u00dfenbereich liegt der Schwerpunkt auf gr\u00f6\u00dferen Projekten wie der Vorbereitung und Verlegung von gro\u00dfen Kunststoffb\u00f6den und der Sanierung von gro\u00dfen Betonobjekten wie Balkonen und Galerien in Wohnbl\u00f6cken, Br\u00fccken und Tunneln.<\/p>\n<\/div>\n                                \n                                                                    <div class=\"btn-group\">\n                                                                                    <a href=\"https:\/\/gacon.byclarq.nl\/de\/contact\/\"\n                                               target=\"\"\n                                               class=\"btn btn-primary\">Kontakt<\/a>\n                                                                            <\/div>\n                                                            <\/div>\n                                            <\/div>\n                <\/div>\n                        <div class=\"media\">\n                                    <img decoding=\"async\" class=\"animation\" src=\"https:\/\/gacon.byclarq.nl\/wp-content\/uploads\/2025\/07\/Triflex-vloeren_-ideaal-voor-balkons-en-galerijen-2.png\" alt=\"Binnen- en buitenwerk\">\n                            <\/div>\n        <\/div>\n    <\/section>\n\n\n\n    <section\n            class=\"text-media layout-boxed bg-dark-green\">\n        <div class=\"boxed image-right\">\n                            <div class=\"info\">\n                    <div class=\"items\">\n                                                    <div class=\"item\">\n                                                                    <h2 class=\"heading\">Familienunternehmen<\/h2>\n                                \n                                                                    <div class=\"content style-arrow\"><p>Gacon ist ein echtes Familienunternehmen, das von den Br\u00fcdern Jan Gasseling und Bart Gasseling gegr\u00fcndet wurde. Vor \u00fcber 35 Jahren begannen sie ihr eigenes Unternehmen mit dem Strahlen und Spritzen gro\u00dfer Metallobjekte. In den folgenden Jahren kamen Kunststoffb\u00f6den hinzu. Nach der \u00dcbernahme kam die Spezialisierung auf gro\u00dfe Betonsanierungen und in j\u00fcngster Zeit auch das Spritzen von Nutzfahrzeugen hinzu.<\/p>\n<p>Durch die Zusammenarbeit mit Spezialisten in unserer Werkstatt beherrschen die mittlerweile \u00fcber 30 Mitarbeiter sowohl das Strahlen (Reinigung) als auch das Beschichten und Betonspritzen (Sanierung). Dadurch ist Gacon in der Lage, viele Bauprojekte selbstst\u00e4ndig und komplett im eigenen Haus auszuf\u00fchren.<\/p>\n<\/div>\n                                \n                                                            <\/div>\n                                            <\/div>\n                <\/div>\n                        <div class=\"media\">\n                                    <img decoding=\"async\" class=\"animation\" src=\"https:\/\/gacon.byclarq.nl\/wp-content\/uploads\/2025\/07\/De-juiste-kunststofvloer-kiezen-5.png\" alt=\"\">\n                            <\/div>\n        <\/div>\n    <\/section>\n\n\n\n<section class=\"texts bg-dark-green\">\n    <div class=\"boxed\">\n                    <div class=\"rows\">\n                <div class=\"row\">\n                                            <div class=\"col heading-col index-0\">\n                                                            <h2 class=\"none\">100% Qualit\u00e4t und enge Partnerschaft<\/h2>\n                                                                                <\/div>\n                                            <div class=\"col heading-col index-1\">\n                                                                                <\/div>\n                                    <\/div>\n                <div class=\"row\">\n                                            <div class=\"col content-col index-0\">\n                                                            <div class=\"contents\">\n                                    <div class=\"content\">\n                                        <p>Diese Unabh\u00e4ngigkeit bietet viele Qualit\u00e4tsvorteile. So k\u00f6nnen wir beispielsweise alle unsere Prozesse selbst optimieren, zertifizierte Mitarbeiter selbst einstellen und ausbilden und pr\u00e4zise Endkontrollen selbst durchf\u00fchren. Au\u00dferdem spiegelt sich diese Unabh\u00e4ngigkeit sowohl in unserer Arbeit innerhalb der Firmenmauern als auch in ihrer Ausf\u00fchrung an einem externen Standort wider.<\/p>\n<p>Wir haben auch sehr gute Kontakte zu unseren Lieferanten. Das freut viele unserer Partner und erm\u00f6glicht es uns zunehmend, langfristige Beziehungen aufzubauen. Das gibt Sicherheit f\u00fcr die Zukunft, aber auch Vertrauen. Die Basis f\u00fcr eine gute Zusammenarbeit und eine enge Partnerschaft.<\/p>\n                                    <\/div>\n                                <\/div>\n                                                    <\/div>\n                                            <div class=\"col content-col index-1\">\n                                                            <div class=\"contents\">\n                                    <div class=\"content\">\n                                        <p>Schlie\u00dflich ist die Kommunikation ein wichtiger Teil unserer DNA. Aufgrund unserer Dienstleistungen arbeiten wir viel in Wohngebieten und kommen regelm\u00e4\u00dfig mit den Bewohnern sowie mit Kooperationspartnern in Kontakt. Indem wir immer sauber und klar kommunizieren, behalten wir den Stand der Bauarbeiten und unser eigenes Image stets im Griff.<\/p>\n                                    <\/div>\n                                <\/div>\n                                                    <\/div>\n                                    <\/div>\n                <div class=\"row\">\n                                            <div class=\"col button-col index-0\">\n                                                    <\/div>\n                                            <div class=\"col button-col index-1\">\n                                                    <\/div>\n                                    <\/div>\n            <\/div>\n            <\/div>\n<\/section>\n\n\n\n    <section class=\"text-media layout-full-width image-left\">\n                    <div class=\"info bg-creme-green\">\n                <div class=\"items\">\n                                            <div class=\"item\">\n                                                            <h2 class=\"heading\">Partner und Lieferanten<\/h2>\n                            \n                                                            <div class=\"content style-checkmark\"><p>Durch die engen Beziehungen zu unseren Lieferanten k\u00f6nnen wir unseren Kunden ein hohes Ma\u00df an Sicherheit bei der Produktlieferung bieten. Unter anderem ist Gacon:<\/p>\n<ul>\n<li>Zugelassener Verarbeiter von Triflex-Produkten f\u00fcr PMMA-Systeme.<\/li>\n<li>Bevorzugter Verarbeiter von BASF Construction Chemicals.<\/li>\n<li>Zugelassener Sikkens Crafco-Verarbeiter.<\/li>\n<li>Partner von Sika Niederlande.<\/li>\n<\/ul>\n<\/div>\n                            \n                                                    <\/div>\n                                            <div class=\"item\">\n                                                            <h2 class=\"heading\">Zertifizierungen<\/h2>\n                            \n                                                            <div class=\"content style-checkmark\"><p>Gacon ist nach VCA** und ISO 9001 zertifiziert.<\/p>\n<\/div>\n                            \n                                                    <\/div>\n                                    <\/div>\n            <\/div>\n                <div class=\"media\">\n                            <img decoding=\"async\" class=\"animation\" src=\"https:\/\/gacon.byclarq.nl\/wp-content\/uploads\/2025\/07\/De-juiste-kunststofvloer-kiezen-6.png\" alt=\"\">\n                    <\/div>\n    <\/section>\n\n\n\n<section class=\"image-silder\">\n    <div class=\"splide\" id=\"projects-info-2097895854\" aria-label=\"Diashow\" role=\"group\">\n        <div class=\"splide__track\">\n            <ul class=\"splide__list\">\n                                    <li class=\"splide__slide\">\n                        <img decoding=\"async\" src=\"https:\/\/gacon.byclarq.nl\/wp-content\/uploads\/2025\/07\/20250626_1611_Betonmateriaal-Genereren_simple_compose_01jyp96p4ted0s6m86y4bjs545-4.png\"\n                             alt=\"\"\/>\n                    <\/li>\n                                    <li class=\"splide__slide\">\n                        <img decoding=\"async\" src=\"https:\/\/gacon.byclarq.nl\/wp-content\/uploads\/2025\/07\/De-juiste-kunststofvloer-kiezen-3.png\"\n                             alt=\"\"\/>\n                    <\/li>\n                                    <li class=\"splide__slide\">\n                        <img decoding=\"async\" src=\"https:\/\/gacon.byclarq.nl\/wp-content\/uploads\/2025\/07\/Sika-vloeren-2.png\"\n                             alt=\"\"\/>\n                    <\/li>\n                            <\/ul>\n        <\/div>\n    <\/div>\n<\/section>\n\n<script>\n    document.addEventListener('DOMContentLoaded', function () {\n        const splide = new Splide('#projects-info-2097895854', {\n            type: 'loop',\n            perPage: 1,\n            gap: '35px',\n            autoplay: true,\n            focus: 'center',\n            padding: '20%',\n            pauseOnHover: false,\n            pauseOnFocus: false,\n            pagination: false,\n            arrows: true,\n            speed: 600,\n            breakpoints: {\n                768: {\n                    gap: '10px',\n                },\n            }\n        });\n\n        splide.on('mounted move', function () {\n            const slides = splide.Components.Slides.get();\n            slides.forEach(slide => {\n                slide.slide.classList.remove('is-center');\n            });\n\n            const current = splide.Components.Slides.getAt(splide.index);\n            if (current) {\n                current.slide.classList.add('is-center');\n            }\n        });\n\n        splide.mount();\n    });\n<\/script>\n\n\n\n\n\n\n\n<section class=\"contact-form bg-creme\">\n    <div class=\"boxed\">\n                <div class=\"info border-on width-80 position-center\">\n                            <div class=\"heading\"><h2>M\u00f6chten Sie mehr erfahren oder ein Angebot anfordern?<\/h2><\/div>\n                                    <div class=\"form\">\n                <style id=\"wpforms-css-vars-285\">\n\t\t\t\t#wpforms-285 {\n\t\t\t\t--wpforms-field-size-input-height: 43px;\n--wpforms-field-size-input-spacing: 15px;\n--wpforms-field-size-font-size: 16px;\n--wpforms-field-size-line-height: 19px;\n--wpforms-field-size-padding-h: 14px;\n--wpforms-field-size-checkbox-size: 16px;\n--wpforms-field-size-sublabel-spacing: 5px;\n--wpforms-field-size-icon-size: 1;\n--wpforms-label-size-font-size: 16px;\n--wpforms-label-size-line-height: 19px;\n--wpforms-label-size-sublabel-font-size: 14px;\n--wpforms-label-size-sublabel-line-height: 17px;\n--wpforms-button-size-font-size: 17px;\n--wpforms-button-size-height: 41px;\n--wpforms-button-size-padding-h: 15px;\n--wpforms-button-size-margin-top: 10px;\n--wpforms-container-shadow-size-box-shadow: none;\n\t\t\t}\n\t\t\t<\/style><div class=\"wpforms-container wpforms-container-full wpforms-render-modern\" id=\"wpforms-285\"><form id=\"wpforms-form-285\" class=\"wpforms-validate wpforms-form wpforms-ajax-form\" data-formid=\"285\" method=\"post\" enctype=\"multipart\/form-data\" action=\"\/de\/wp-json\/wp\/v2\/pages\/34\" data-token=\"6a17b6303bad2c99935c0db60b086bea\" data-token-time=\"1778053078\" data-trp-original-action=\"\/de\/wp-json\/wp\/v2\/pages\/34\"><noscript class=\"wpforms-error-noscript\">Bitte aktiviere JavaScript in deinem Browser, um dieses Formular fertigzustellen.<\/noscript><div id=\"wpforms-error-noscript\" style=\"display: none;\">Bitte aktiviere JavaScript in deinem Browser, um dieses Formular fertigzustellen.<\/div><div class=\"wpforms-field-container\"><div id=\"wpforms-285-field_2-container\" class=\"wpforms-field wpforms-field-name\" data-field-id=\"2\"><label class=\"wpforms-field-label\" for=\"wpforms-285-field_2\">Ihr Name <span class=\"wpforms-required-label\" aria-hidden=\"true\">*<\/span><\/label><input type=\"text\" id=\"wpforms-285-field_2\" class=\"wpforms-field-large wpforms-field-required\" name=\"wpforms[fields][2]\" aria-errormessage=\"wpforms-285-field_2-error\" required><\/div><div id=\"wpforms-285-field_3-container\" class=\"wpforms-field wpforms-field-email\" data-field-id=\"3\"><label class=\"wpforms-field-label\" for=\"wpforms-285-field_3\">E-Mail Adresse <span class=\"wpforms-required-label\" aria-hidden=\"true\">*<\/span><\/label><input type=\"email\" id=\"wpforms-285-field_3\" class=\"wpforms-field-large wpforms-field-required\" name=\"wpforms[fields][3]\" spellcheck=\"false\" aria-errormessage=\"wpforms-285-field_3-error\" required><\/div>\t\t<div id=\"wpforms-285-field_1-container\"\n\t\t\tclass=\"wpforms-field wpforms-field-text\"\n\t\t\tdata-field-type=\"text\"\n\t\t\tdata-field-id=\"1\"\n\t\t\t>\n\t\t\t<label class=\"wpforms-field-label\" for=\"wpforms-285-field_1\" >Nachricht Ihr Name<\/label>\n\t\t\t<input type=\"text\" id=\"wpforms-285-field_1\" class=\"wpforms-field-medium\" name=\"wpforms[fields][1]\" >\n\t\t<\/div>\n\t\t<div id=\"wpforms-285-field_4-container\" class=\"wpforms-field wpforms-field-text\" data-field-id=\"4\"><label class=\"wpforms-field-label\" for=\"wpforms-285-field_4\">Ihre Frage<\/label><input type=\"text\" id=\"wpforms-285-field_4\" class=\"wpforms-field-large\" name=\"wpforms[fields][4]\" aria-errormessage=\"wpforms-285-field_4-error\" ><\/div><div id=\"wpforms-285-field_5-container\" class=\"wpforms-field wpforms-field-textarea\" data-field-id=\"5\"><label class=\"wpforms-field-label\" for=\"wpforms-285-field_5\">Nachricht <span class=\"wpforms-required-label\" aria-hidden=\"true\">*<\/span><\/label><textarea id=\"wpforms-285-field_5\" class=\"wpforms-field-medium wpforms-field-required\" name=\"wpforms[fields][5]\" aria-errormessage=\"wpforms-285-field_5-error\" required><\/textarea><\/div><script>\n\t\t\t\t( function() {\n\t\t\t\t\tconst style = document.createElement( 'style' );\n\t\t\t\t\tstyle.appendChild( document.createTextNode( '#wpforms-285-field_1-container { position: absolute !important; overflow: hidden !important; display: inline !important; height: 1px !important; width: 1px !important; z-index: -1000 !important; padding: 0 !important; } #wpforms-285-field_1-container input { visibility: hidden; } #wpforms-conversational-form-page #wpforms-285-field_1-container label { counter-increment: none; }' ) );\n\t\t\t\t\tdocument.head.appendChild( style );\n\t\t\t\t\tdocument.currentScript?.remove();\n\t\t\t\t} )();\n\t\t\t<\/script><\/div><!-- .wpforms-field-container --><div class=\"wpforms-submit-container\" ><input type=\"hidden\" name=\"wpforms[id]\" value=\"285\"><input type=\"hidden\" name=\"page_title\" value=\"\"><input type=\"hidden\" name=\"page_url\" value=\"https:\/\/gacon.byclarq.nl\/de\/wp-json\/wp\/v2\/pages\/34\"><input type=\"hidden\" name=\"url_referer\" value=\"\"><button type=\"submit\" name=\"wpforms[submit]\" id=\"wpforms-submit-285\" class=\"wpforms-submit\" data-alt-text=\"Versturen...\" data-submit-text=\"Verstuur je vraag\" aria-live=\"assertive\" value=\"wpforms-submit\">Senden Sie Ihre Frage<\/button><img loading=\"lazy\" decoding=\"async\" src=\"https:\/\/gacon.byclarq.nl\/wp-content\/plugins\/wpforms\/assets\/images\/submit-spin.svg\" class=\"wpforms-submit-spinner\" style=\"display: none;\" width=\"26\" height=\"26\" alt=\"Wird geladen\"><\/div><input type=\"hidden\" name=\"trp-form-language\" value=\"de\"\/><\/form><\/div>  <!-- .wpforms-container -->            <\/div>\n        <\/div>\n    <\/div>\n<\/section>\n\n\n<section class=\"contact-form bg-creme-green\">\n    <div class=\"boxed\">\n                <div class=\"info border-off width-40 position-center\">\n                            <div class=\"heading\"><h2>Immer auf dem Laufenden \u00fcber die neuesten Entwicklungen?<\/h2><\/div>\n                                    <div class=\"form\">\n                <style id=\"wpforms-css-vars-296\">\n\t\t\t\t#wpforms-296 {\n\t\t\t\t--wpforms-field-size-input-height: 43px;\n--wpforms-field-size-input-spacing: 15px;\n--wpforms-field-size-font-size: 16px;\n--wpforms-field-size-line-height: 19px;\n--wpforms-field-size-padding-h: 14px;\n--wpforms-field-size-checkbox-size: 16px;\n--wpforms-field-size-sublabel-spacing: 5px;\n--wpforms-field-size-icon-size: 1;\n--wpforms-label-size-font-size: 16px;\n--wpforms-label-size-line-height: 19px;\n--wpforms-label-size-sublabel-font-size: 14px;\n--wpforms-label-size-sublabel-line-height: 17px;\n--wpforms-button-size-font-size: 17px;\n--wpforms-button-size-height: 41px;\n--wpforms-button-size-padding-h: 15px;\n--wpforms-button-size-margin-top: 10px;\n--wpforms-container-shadow-size-box-shadow: none;\n\t\t\t}\n\t\t\t<\/style><div class=\"wpforms-container wpforms-container-full wpforms-render-modern\" id=\"wpforms-296\"><form id=\"wpforms-form-296\" class=\"wpforms-validate wpforms-form wpforms-ajax-form\" data-formid=\"296\" method=\"post\" enctype=\"multipart\/form-data\" action=\"\/de\/wp-json\/wp\/v2\/pages\/34\" data-token=\"5ff253b6c77e91b3204450c3e5404cb0\" data-token-time=\"1778053078\" data-trp-original-action=\"\/de\/wp-json\/wp\/v2\/pages\/34\"><noscript class=\"wpforms-error-noscript\">Bitte aktiviere JavaScript in deinem Browser, um dieses Formular fertigzustellen.<\/noscript><div id=\"wpforms-error-noscript\" style=\"display: none;\">Bitte aktiviere JavaScript in deinem Browser, um dieses Formular fertigzustellen.<\/div><div class=\"wpforms-field-container\">\t\t<div id=\"wpforms-296-field_1-container\"\n\t\t\tclass=\"wpforms-field wpforms-field-text\"\n\t\t\tdata-field-type=\"text\"\n\t\t\tdata-field-id=\"1\"\n\t\t\t>\n\t\t\t<label class=\"wpforms-field-label\" for=\"wpforms-296-field_1\" >Name Layout Ihr<\/label>\n\t\t\t<input type=\"text\" id=\"wpforms-296-field_1\" class=\"wpforms-field-medium\" name=\"wpforms[fields][1]\" >\n\t\t<\/div>\n\t\t<div id=\"wpforms-296-field_2-container\" class=\"wpforms-field wpforms-field-layout\" data-field-id=\"2\"><div class=\"wpforms-field-layout-rows wpforms-field-large\"><div class=\"wpforms-layout-row\"><div class=\"wpforms-layout-column wpforms-layout-column-50\"><div id=\"wpforms-296-field_4-container\" class=\"wpforms-field wpforms-field-name\" data-field-id=\"4\"><label class=\"wpforms-field-label\" for=\"wpforms-296-field_4\">Ihr Name <span class=\"wpforms-required-label\" aria-hidden=\"true\">*<\/span><\/label><input type=\"text\" id=\"wpforms-296-field_4\" class=\"wpforms-field-medium wpforms-field-required\" name=\"wpforms[fields][4]\" aria-errormessage=\"wpforms-296-field_4-error\" required><\/div><\/div><div class=\"wpforms-layout-column wpforms-layout-column-50\"><div id=\"wpforms-296-field_5-container\" class=\"wpforms-field wpforms-field-email\" data-field-id=\"5\"><label class=\"wpforms-field-label\" for=\"wpforms-296-field_5\">Ihre E-Mail Adresse <span class=\"wpforms-required-label\" aria-hidden=\"true\">*<\/span><\/label><input type=\"email\" id=\"wpforms-296-field_5\" class=\"wpforms-field-medium wpforms-field-required\" name=\"wpforms[fields][5]\" spellcheck=\"false\" aria-errormessage=\"wpforms-296-field_5-error\" required><\/div><\/div><\/div><\/div><\/div><script>\n\t\t\t\t( function() {\n\t\t\t\t\tconst style = document.createElement( 'style' );\n\t\t\t\t\tstyle.appendChild( document.createTextNode( '#wpforms-285-field_1-container,#wpforms-296-field_1-container { position: absolute !important; overflow: hidden !important; display: inline !important; height: 1px !important; width: 1px !important; z-index: -1000 !important; padding: 0 !important; } #wpforms-285-field_1-container,#wpforms-296-field_1-container input { visibility: hidden; } #wpforms-conversational-form-page #wpforms-285-field_1-container,#wpforms-296-field_1-container label { counter-increment: none; }' ) );\n\t\t\t\t\tdocument.head.appendChild( style );\n\t\t\t\t\tdocument.currentScript?.remove();\n\t\t\t\t} )();\n\t\t\t<\/script><\/div><!-- .wpforms-field-container --><div class=\"wpforms-submit-container\" ><input type=\"hidden\" name=\"wpforms[id]\" value=\"296\"><input type=\"hidden\" name=\"page_title\" value=\"\"><input type=\"hidden\" name=\"page_url\" value=\"https:\/\/gacon.byclarq.nl\/de\/wp-json\/wp\/v2\/pages\/34\"><input type=\"hidden\" name=\"url_referer\" value=\"\"><button type=\"submit\" name=\"wpforms[submit]\" id=\"wpforms-submit-296\" class=\"wpforms-submit\" data-alt-text=\"Versturen...\" data-submit-text=\"Versturen\" aria-live=\"assertive\" value=\"wpforms-submit\">Senden Sie<\/button><img loading=\"lazy\" decoding=\"async\" src=\"https:\/\/gacon.byclarq.nl\/wp-content\/plugins\/wpforms\/assets\/images\/submit-spin.svg\" class=\"wpforms-submit-spinner\" style=\"display: none;\" width=\"26\" height=\"26\" alt=\"Wird geladen\"><\/div><input type=\"hidden\" name=\"trp-form-language\" value=\"de\"\/><\/form><\/div>  <!-- .wpforms-container -->            <\/div>\n        <\/div>\n    <\/div>\n<\/section>","protected":false},"excerpt":{"rendered":"","protected":false},"author":1,"featured_media":0,"parent":0,"menu_order":0,"comment_status":"closed","ping_status":"closed","template":"","meta":{"_acf_changed":false,"footnotes":""},"class_list":["post-34","page","type-page","status-publish"],"acf":[],"_links":{"self":[{"href":"https:\/\/gacon.byclarq.nl\/de\/wp-json\/wp\/v2\/pages\/34","targetHints":{"allow":["GET"]}}],"collection":[{"href":"https:\/\/gacon.byclarq.nl\/de\/wp-json\/wp\/v2\/pages"}],"about":[{"href":"https:\/\/gacon.byclarq.nl\/de\/wp-json\/wp\/v2\/types\/page"}],"author":[{"embeddable":true,"href":"https:\/\/gacon.byclarq.nl\/de\/wp-json\/wp\/v2\/users\/1"}],"replies":[{"embeddable":true,"href":"https:\/\/gacon.byclarq.nl\/de\/wp-json\/wp\/v2\/comments?post=34"}],"version-history":[{"count":17,"href":"https:\/\/gacon.byclarq.nl\/de\/wp-json\/wp\/v2\/pages\/34\/revisions"}],"predecessor-version":[{"id":782,"href":"https:\/\/gacon.byclarq.nl\/de\/wp-json\/wp\/v2\/pages\/34\/revisions\/782"}],"wp:attachment":[{"href":"https:\/\/gacon.byclarq.nl\/de\/wp-json\/wp\/v2\/media?parent=34"}],"curies":[{"name":"wp","href":"https:\/\/api.w.org\/{rel}","templated":true}]}}