{"id":28,"date":"2025-07-29T07:48:27","date_gmt":"2025-07-29T07:48:27","guid":{"rendered":"https:\/\/gacon.byclarq.nl\/?page_id=28"},"modified":"2025-08-13T13:49:30","modified_gmt":"2025-08-13T13:49:30","slug":"triflex-vloeren","status":"publish","type":"page","link":"https:\/\/gacon.byclarq.nl\/de\/triflex-vloeren\/","title":{"rendered":"Triflex-Bodenbelag"},"content":{"rendered":"<section class=\"hero\">\n    <div class=\"full-width\">\n                <div class=\"boxed\">\n            <div class=\"info\">\n                                    <div class=\"heading\">\n                        <h1>Triflex-Bodenbelag                                                        <br><span>Pflegeleichte Beschichtungen und Estriche f\u00fcr gewerbliche, industrielle und sportliche Anwendungen.<\/span><\/h1>\n                                            <\/div>\n                                                    <div class=\"breadcrumbs\">\n                        <nav aria-label=\"Semmelbr\u00f6sel\" class=\"rank-math-breadcrumb\"><p><span class=\"last\"><\/span><\/p><\/nav>                    <\/div>\n                            <\/div>\n        <\/div>\n    <\/div>\n<\/section>\n\n\n\n<section class=\"texts bg-cream\">\n    <div class=\"boxed\">\n                    <div class=\"rows\">\n                <div class=\"row\">\n                                            <div class=\"col heading-col index-0\">\n                                                                                <\/div>\n                                            <div class=\"col heading-col index-1\">\n                                                                                <\/div>\n                                    <\/div>\n                <div class=\"row\">\n                                            <div class=\"col content-col index-0\">\n                                                            <div class=\"contents\">\n                                    <div class=\"content\">\n                                        <p><strong>Triflex-B\u00f6den sind die ideale L\u00f6sung f\u00fcr jedes Projekt, von industriell bis dekorativ. Gacon liefert diese B\u00f6den und sorgt daf\u00fcr, dass Ihr Projekt gro\u00dfartig aussieht. Triflex-B\u00f6den haben viele Vorteile, z. B. sind sie rutschfest, verschlei\u00dffest, wasserdicht, schalldicht, rissfrei und fugenlos. Dadurch sch\u00fctzen sie den Boden und machen ihn f\u00fcr alle sicherer und komfortabler.<\/strong><\/p>\n                                    <\/div>\n                                <\/div>\n                                                    <\/div>\n                                            <div class=\"col content-col index-1\">\n                                                            <div class=\"contents\">\n                                    <div class=\"content\">\n                                        <p>Triflex ist in vielen Farben erh\u00e4ltlich, damit der Boden perfekt zu Ihrem Projekt passt. Gacon ist Experte f\u00fcr die Lieferung von Triflex-Bodenbel\u00e4gen und kann jedes noch so schwierige Projekt bew\u00e4ltigen. Wir helfen Ihnen gerne bei der Auswahl des besten Bodens f\u00fcr Ihr Projekt, egal ob es sich um einen Balkon, ein Parkhaus, einen Fahrradkeller oder eine Br\u00fccke handelt. Der Boden wird Ihre Anforderungen erf\u00fcllen.<\/p>\n                                    <\/div>\n                                <\/div>\n                                                    <\/div>\n                                    <\/div>\n                <div class=\"row\">\n                                            <div class=\"col button-col index-0\">\n                                                    <\/div>\n                                            <div class=\"col button-col index-1\">\n                                                    <\/div>\n                                    <\/div>\n            <\/div>\n            <\/div>\n<\/section>\n\n\n\n    <section\n            class=\"text-media layout-boxed bg-creme\">\n        <div class=\"boxed image-left\">\n                            <div class=\"info\">\n                    <div class=\"items\">\n                                                    <div class=\"item\">\n                                                                    <h2 class=\"heading\">Triflex-Bodenbelag: ideal f\u00fcr Balkone und Galerien<\/h2>\n                                \n                                                                    <div class=\"content style-arrow\"><p>Balkone und Galerien von Geb\u00e4uden sind oft Wind und Wetter ausgesetzt. Triflex-B\u00f6den <strong>sch\u00fctzen<\/strong> Diese Oberfl\u00e4chen sind wirksam gegen Witterungseinfl\u00fcsse gesch\u00fctzt, was die Lebensdauer der Konstruktion verl\u00e4ngert. Zus\u00e4tzlich sorgt eine Anti-Rutsch-Schicht f\u00fcr <strong>zus\u00e4tzliche Sicherheit und Komfort<\/strong>.<\/p>\n<p>Wir von Gacon sind Experten f\u00fcr die Verlegung von Triflex-Bodenbel\u00e4gen, insbesondere dort, wo Menschen leben. Wir kommunizieren klar und bieten <strong>minimale Unannehmlichkeiten<\/strong> f\u00fcr die Bewohner. Unser professionelles Team f\u00fchrt anspruchsvolle Projekte reibungslos durch.<\/p>\n<h3>Gacon: Spezialist f\u00fcr Triflex BAS-Systeme f\u00fcr Balkone und Galerien<\/h3>\n<p>Wir sind spezialisiert auf die Anwendung der <strong>Triflex BAS-System (3-lagig).<\/strong> Dieses System ist ideal f\u00fcr den Au\u00dfenbereich von H\u00e4usern und Geb\u00e4uden, einschlie\u00dflich Balkonen, Galerien und Eing\u00e4ngen. Es bietet Schutz, verhindert das Ausrutschen und sorgt f\u00fcr ein attraktives Erscheinungsbild.<\/p>\n<p>In einem Wohnkomplex in Rosmalen installierten wir das BAS-System auf der Empore, um die Sicherheit bei schlechtem Wetter zu gew\u00e4hrleisten. Dies bot zus\u00e4tzliche Sicherheit bei schlechtem Wetter.<\/p>\n<\/div>\n                                \n                                                                    <div class=\"btn-group\">\n                                                                                    <a href=\"#\"\n                                               target=\"\"\n                                               class=\"btn btn-primary\">Sehen Sie sich das Projekt hier an<\/a>\n                                                                            <\/div>\n                                                            <\/div>\n                                            <\/div>\n                <\/div>\n                        <div class=\"media\">\n                                    <img decoding=\"async\" class=\"animation\" src=\"https:\/\/gacon.byclarq.nl\/wp-content\/uploads\/2025\/07\/Triflex-vloeren_-ideaal-voor-balkons-en-galerijen-1.png\" alt=\"Triflex vloeren_ ideaal voor balkons en galerijen (1)\">\n                            <\/div>\n        <\/div>\n    <\/section>\n\n\n\n    <section class=\"text-media layout-full-width image-right\">\n                    <div class=\"info bg-dark-green\">\n                <div class=\"items\">\n                                            <div class=\"item\">\n                                                            <h2 class=\"heading\">Triflex-Bodenbelag f\u00fcr Parkh\u00e4user<\/h2>\n                            \n                                                            <div class=\"content style-arrow\"><p>Parkhausb\u00f6den sollten <strong>stark und haltbar<\/strong> sein. Das Material muss stark genug sein, um dem Gewicht und der Bewegung von Fahrzeugen standzuhalten und auch \u00d6l, Kraftstoff und andere Fl\u00fcssigkeiten aufzunehmen. Triflex-B\u00f6den sind perfekt f\u00fcr diese Herausforderungen geeignet, da sie hochbelastbar und fl\u00fcssigkeitsdicht sind.<\/p>\n<p>Dar\u00fcber hinaus ist es wichtig, dass verschlei\u00dffeste Pfeile, Piktogramme und Parkbuchten auf dem Boden angebracht werden, um ein \u00fcbersichtliches Parkhaus zu schaffen. Gacon ist spezialisiert auf die Verlegung von Triflex-B\u00f6den, einschlie\u00dflich des Triflex DeckFloor-Systems. Sehen Sie sich alle Optionen f\u00fcr Parkhausb\u00f6den an.<\/p>\n<\/div>\n                            \n                                                            <div class=\"btn-group\">\n                                                                            <a href=\"#\"\n                                           target=\"\"\n                                           class=\"btn btn-primary\">Optionen f\u00fcr den Bodenbelag von Parkpl\u00e4tzen<\/a>\n                                                                    <\/div>\n                                                    <\/div>\n                                    <\/div>\n            <\/div>\n                <div class=\"media\">\n                            <img decoding=\"async\" class=\"animation\" src=\"https:\/\/gacon.byclarq.nl\/wp-content\/uploads\/2025\/07\/De-juiste-kunststofvloer-kiezen-2.png\" alt=\"De juiste kunststofvloer kiezen (2)\">\n                    <\/div>\n    <\/section>\n\n\n\n    <section class=\"text-media layout-full-width image-left\">\n                    <div class=\"info bg-dark-green\">\n                <div class=\"items\">\n                                            <div class=\"item\">\n                                                            <h2 class=\"heading\">Triflex DeckFloor System: die ideale L\u00f6sung f\u00fcr Parkh\u00e4user<\/h2>\n                            \n                                                            <div class=\"content style-arrow\"><p>Das Triflex DeckFloor System wurde speziell f\u00fcr Parkdecks und Rampen mit hohem Verkehrsaufkommen entwickelt. Dieses <strong>Gussboden<\/strong> ist fl\u00fcssigkeitsdicht und sch\u00fctzt die Konstruktion. Der Anti-Rutsch-Effekt erh\u00f6ht die <strong>Sicherheit<\/strong> f\u00fcr Benutzer.<\/p>\n<p>Mit der breiten Farbpalette k\u00f6nnen Sie klare Markierungen anbringen und den Parkhausboden an das bestehende Farbschema anpassen. Gacon ist Ihr zuverl\u00e4ssiger Partner f\u00fcr die Verlegung von Triflex-B\u00f6den in Parkh\u00e4usern.<\/p>\n<\/div>\n                            \n                                                    <\/div>\n                                    <\/div>\n            <\/div>\n                <div class=\"media\">\n                            <img decoding=\"async\" class=\"animation\" src=\"https:\/\/gacon.byclarq.nl\/wp-content\/uploads\/2025\/07\/Polyurethaan-Gietvloer-1.png\" alt=\"Polyurethaan Gietvloer (1)\">\n                    <\/div>\n    <\/section>\n\n\n\n<section class=\"text-block\">\n    <div class=\"boxed\">\n        <div class=\"info\">\n                            <h2 class=\"heading\">Triflex-Bodenbel\u00e4ge: W\u00e4hlen Sie Gacon als Ihren Partner<\/h2>\n                                        <div class=\"content\"><p>Gacon ist der Spezialist f\u00fcr Triflex-B\u00f6den f\u00fcr <strong>verschiedene Projekte<\/strong> wie Balkone, Br\u00fcckendecks, Gehwege, Holzbel\u00e4ge und Parkpl\u00e4tze. Unser <strong>Erfahrung und Kundenorientierung<\/strong> machen uns zum perfekten Partner f\u00fcr Ihre Projekte. Wir bieten mehrere Optionen f\u00fcr Triflex-Bodenbel\u00e4ge an, um Ihre spezifischen Anforderungen zu erf\u00fcllen.<\/p>\n<\/div>\n                    <\/div>\n    <\/div>\n<\/section>\n\n\n<section class=\"image-silder\">\n    <div class=\"splide\" id=\"projects-info-1068351857\" aria-label=\"Diashow\" role=\"group\">\n        <div class=\"splide__track\">\n            <ul class=\"splide__list\">\n                                    <li class=\"splide__slide\">\n                        <img decoding=\"async\" src=\"https:\/\/gacon.byclarq.nl\/wp-content\/uploads\/2025\/07\/20250626_1611_Betonmateriaal-Genereren_simple_compose_01jyp96p4ted0s6m86y4bjs545-4.png\"\n                             alt=\"\"\/>\n                    <\/li>\n                                    <li class=\"splide__slide\">\n                        <img decoding=\"async\" src=\"https:\/\/gacon.byclarq.nl\/wp-content\/uploads\/2025\/07\/De-juiste-kunststofvloer-kiezen-3.png\"\n                             alt=\"\"\/>\n                    <\/li>\n                                    <li class=\"splide__slide\">\n                        <img decoding=\"async\" src=\"https:\/\/gacon.byclarq.nl\/wp-content\/uploads\/2025\/07\/Sika-vloeren-2.png\"\n                             alt=\"\"\/>\n                    <\/li>\n                            <\/ul>\n        <\/div>\n    <\/div>\n<\/section>\n\n<script>\n    document.addEventListener('DOMContentLoaded', function () {\n        const splide = new Splide('#projects-info-1068351857', {\n            type: 'loop',\n            perPage: 1,\n            gap: '35px',\n            autoplay: true,\n            focus: 'center',\n            padding: '20%',\n            pauseOnHover: false,\n            pauseOnFocus: false,\n            pagination: false,\n            arrows: true,\n            speed: 600,\n            breakpoints: {\n                768: {\n                    gap: '10px',\n                },\n            }\n        });\n\n        splide.on('mounted move', function () {\n            const slides = splide.Components.Slides.get();\n            slides.forEach(slide => {\n                slide.slide.classList.remove('is-center');\n            });\n\n            const current = splide.Components.Slides.getAt(splide.index);\n            if (current) {\n                current.slide.classList.add('is-center');\n            }\n        });\n\n        splide.mount();\n    });\n<\/script>\n\n\n\n\n\n\n\n<section class=\"contact-form bg-creme\">\n    <div class=\"boxed\">\n                <div class=\"info border-on width-80 position-center\">\n                            <div class=\"heading\"><h2>M\u00f6chten Sie mehr erfahren oder ein Angebot anfordern?<\/h2><\/div>\n                                    <div class=\"form\">\n                <style id=\"wpforms-css-vars-285\">\n\t\t\t\t#wpforms-285 {\n\t\t\t\t--wpforms-field-size-input-height: 43px;\n--wpforms-field-size-input-spacing: 15px;\n--wpforms-field-size-font-size: 16px;\n--wpforms-field-size-line-height: 19px;\n--wpforms-field-size-padding-h: 14px;\n--wpforms-field-size-checkbox-size: 16px;\n--wpforms-field-size-sublabel-spacing: 5px;\n--wpforms-field-size-icon-size: 1;\n--wpforms-label-size-font-size: 16px;\n--wpforms-label-size-line-height: 19px;\n--wpforms-label-size-sublabel-font-size: 14px;\n--wpforms-label-size-sublabel-line-height: 17px;\n--wpforms-button-size-font-size: 17px;\n--wpforms-button-size-height: 41px;\n--wpforms-button-size-padding-h: 15px;\n--wpforms-button-size-margin-top: 10px;\n--wpforms-container-shadow-size-box-shadow: none;\n\t\t\t}\n\t\t\t<\/style><div class=\"wpforms-container wpforms-container-full wpforms-render-modern\" id=\"wpforms-285\"><form id=\"wpforms-form-285\" class=\"wpforms-validate wpforms-form wpforms-ajax-form\" data-formid=\"285\" method=\"post\" enctype=\"multipart\/form-data\" action=\"\/de\/wp-json\/wp\/v2\/pages\/28\" data-token=\"6a17b6303bad2c99935c0db60b086bea\" data-token-time=\"1778053611\" data-trp-original-action=\"\/de\/wp-json\/wp\/v2\/pages\/28\"><noscript class=\"wpforms-error-noscript\">Bitte aktiviere JavaScript in deinem Browser, um dieses Formular fertigzustellen.<\/noscript><div id=\"wpforms-error-noscript\" style=\"display: none;\">Bitte aktiviere JavaScript in deinem Browser, um dieses Formular fertigzustellen.<\/div><div class=\"wpforms-field-container\"><div id=\"wpforms-285-field_2-container\" class=\"wpforms-field wpforms-field-name\" data-field-id=\"2\"><label class=\"wpforms-field-label\" for=\"wpforms-285-field_2\">Ihr Name <span class=\"wpforms-required-label\" aria-hidden=\"true\">*<\/span><\/label><input type=\"text\" id=\"wpforms-285-field_2\" class=\"wpforms-field-large wpforms-field-required\" name=\"wpforms[fields][2]\" aria-errormessage=\"wpforms-285-field_2-error\" required><\/div><div id=\"wpforms-285-field_3-container\" class=\"wpforms-field wpforms-field-email\" data-field-id=\"3\"><label class=\"wpforms-field-label\" for=\"wpforms-285-field_3\">E-Mail Adresse <span class=\"wpforms-required-label\" aria-hidden=\"true\">*<\/span><\/label><input type=\"email\" id=\"wpforms-285-field_3\" class=\"wpforms-field-large wpforms-field-required\" name=\"wpforms[fields][3]\" spellcheck=\"false\" aria-errormessage=\"wpforms-285-field_3-error\" required><\/div><div id=\"wpforms-285-field_4-container\" class=\"wpforms-field wpforms-field-text\" data-field-id=\"4\"><label class=\"wpforms-field-label\" for=\"wpforms-285-field_4\">Ihre Frage<\/label><input type=\"text\" id=\"wpforms-285-field_4\" class=\"wpforms-field-large\" name=\"wpforms[fields][4]\" aria-errormessage=\"wpforms-285-field_4-error\" ><\/div>\t\t<div id=\"wpforms-285-field_1-container\"\n\t\t\tclass=\"wpforms-field wpforms-field-text\"\n\t\t\tdata-field-type=\"text\"\n\t\t\tdata-field-id=\"1\"\n\t\t\t>\n\t\t\t<label class=\"wpforms-field-label\" for=\"wpforms-285-field_1\" >Ihre Nachricht Frage<\/label>\n\t\t\t<input type=\"text\" id=\"wpforms-285-field_1\" class=\"wpforms-field-medium\" name=\"wpforms[fields][1]\" >\n\t\t<\/div>\n\t\t<div id=\"wpforms-285-field_5-container\" class=\"wpforms-field wpforms-field-textarea\" data-field-id=\"5\"><label class=\"wpforms-field-label\" for=\"wpforms-285-field_5\">Nachricht <span class=\"wpforms-required-label\" aria-hidden=\"true\">*<\/span><\/label><textarea id=\"wpforms-285-field_5\" class=\"wpforms-field-medium wpforms-field-required\" name=\"wpforms[fields][5]\" aria-errormessage=\"wpforms-285-field_5-error\" required><\/textarea><\/div><script>\n\t\t\t\t( function() {\n\t\t\t\t\tconst style = document.createElement( 'style' );\n\t\t\t\t\tstyle.appendChild( document.createTextNode( '#wpforms-285-field_1-container { position: absolute !important; overflow: hidden !important; display: inline !important; height: 1px !important; width: 1px !important; z-index: -1000 !important; padding: 0 !important; } #wpforms-285-field_1-container input { visibility: hidden; } #wpforms-conversational-form-page #wpforms-285-field_1-container label { counter-increment: none; }' ) );\n\t\t\t\t\tdocument.head.appendChild( style );\n\t\t\t\t\tdocument.currentScript?.remove();\n\t\t\t\t} )();\n\t\t\t<\/script><\/div><!-- .wpforms-field-container --><div class=\"wpforms-submit-container\" ><input type=\"hidden\" name=\"wpforms[id]\" value=\"285\"><input type=\"hidden\" name=\"page_title\" value=\"\"><input type=\"hidden\" name=\"page_url\" value=\"https:\/\/gacon.byclarq.nl\/de\/wp-json\/wp\/v2\/pages\/28\"><input type=\"hidden\" name=\"url_referer\" value=\"\"><button type=\"submit\" name=\"wpforms[submit]\" id=\"wpforms-submit-285\" class=\"wpforms-submit\" data-alt-text=\"Versturen...\" data-submit-text=\"Verstuur je vraag\" aria-live=\"assertive\" value=\"wpforms-submit\">Senden Sie Ihre Frage<\/button><img loading=\"lazy\" decoding=\"async\" src=\"https:\/\/gacon.byclarq.nl\/wp-content\/plugins\/wpforms\/assets\/images\/submit-spin.svg\" class=\"wpforms-submit-spinner\" style=\"display: none;\" width=\"26\" height=\"26\" alt=\"Wird geladen\"><\/div><input type=\"hidden\" name=\"trp-form-language\" value=\"de\"\/><\/form><\/div>  <!-- .wpforms-container -->            <\/div>\n        <\/div>\n    <\/div>\n<\/section>\n\n\n<section class=\"contact-form bg-creme-green\">\n    <div class=\"boxed\">\n                <div class=\"info border-off width-40 position-center\">\n                            <div class=\"heading\"><h2>Immer auf dem Laufenden \u00fcber die neuesten Entwicklungen?<\/h2><\/div>\n                                    <div class=\"form\">\n                <style id=\"wpforms-css-vars-296\">\n\t\t\t\t#wpforms-296 {\n\t\t\t\t--wpforms-field-size-input-height: 43px;\n--wpforms-field-size-input-spacing: 15px;\n--wpforms-field-size-font-size: 16px;\n--wpforms-field-size-line-height: 19px;\n--wpforms-field-size-padding-h: 14px;\n--wpforms-field-size-checkbox-size: 16px;\n--wpforms-field-size-sublabel-spacing: 5px;\n--wpforms-field-size-icon-size: 1;\n--wpforms-label-size-font-size: 16px;\n--wpforms-label-size-line-height: 19px;\n--wpforms-label-size-sublabel-font-size: 14px;\n--wpforms-label-size-sublabel-line-height: 17px;\n--wpforms-button-size-font-size: 17px;\n--wpforms-button-size-height: 41px;\n--wpforms-button-size-padding-h: 15px;\n--wpforms-button-size-margin-top: 10px;\n--wpforms-container-shadow-size-box-shadow: none;\n\t\t\t}\n\t\t\t<\/style><div class=\"wpforms-container wpforms-container-full wpforms-render-modern\" id=\"wpforms-296\"><form id=\"wpforms-form-296\" class=\"wpforms-validate wpforms-form wpforms-ajax-form\" data-formid=\"296\" method=\"post\" enctype=\"multipart\/form-data\" action=\"\/de\/wp-json\/wp\/v2\/pages\/28\" data-token=\"5ff253b6c77e91b3204450c3e5404cb0\" data-token-time=\"1778053611\" data-trp-original-action=\"\/de\/wp-json\/wp\/v2\/pages\/28\"><noscript class=\"wpforms-error-noscript\">Bitte aktiviere JavaScript in deinem Browser, um dieses Formular fertigzustellen.<\/noscript><div id=\"wpforms-error-noscript\" style=\"display: none;\">Bitte aktiviere JavaScript in deinem Browser, um dieses Formular fertigzustellen.<\/div><div class=\"wpforms-field-container\">\t\t<div id=\"wpforms-296-field_1-container\"\n\t\t\tclass=\"wpforms-field wpforms-field-text\"\n\t\t\tdata-field-type=\"text\"\n\t\t\tdata-field-id=\"1\"\n\t\t\t>\n\t\t\t<label class=\"wpforms-field-label\" for=\"wpforms-296-field_1\" >Name Ihr<\/label>\n\t\t\t<input type=\"text\" id=\"wpforms-296-field_1\" class=\"wpforms-field-medium\" name=\"wpforms[fields][1]\" >\n\t\t<\/div>\n\t\t<div id=\"wpforms-296-field_2-container\" class=\"wpforms-field wpforms-field-layout\" data-field-id=\"2\"><div class=\"wpforms-field-layout-rows wpforms-field-large\"><div class=\"wpforms-layout-row\"><div class=\"wpforms-layout-column wpforms-layout-column-50\"><div id=\"wpforms-296-field_4-container\" class=\"wpforms-field wpforms-field-name\" data-field-id=\"4\"><label class=\"wpforms-field-label\" for=\"wpforms-296-field_4\">Ihr Name <span class=\"wpforms-required-label\" aria-hidden=\"true\">*<\/span><\/label><input type=\"text\" id=\"wpforms-296-field_4\" class=\"wpforms-field-medium wpforms-field-required\" name=\"wpforms[fields][4]\" aria-errormessage=\"wpforms-296-field_4-error\" required><\/div><\/div><div class=\"wpforms-layout-column wpforms-layout-column-50\"><div id=\"wpforms-296-field_5-container\" class=\"wpforms-field wpforms-field-email\" data-field-id=\"5\"><label class=\"wpforms-field-label\" for=\"wpforms-296-field_5\">Ihre E-Mail Adresse <span class=\"wpforms-required-label\" aria-hidden=\"true\">*<\/span><\/label><input type=\"email\" id=\"wpforms-296-field_5\" class=\"wpforms-field-medium wpforms-field-required\" name=\"wpforms[fields][5]\" spellcheck=\"false\" aria-errormessage=\"wpforms-296-field_5-error\" required><\/div><\/div><\/div><\/div><\/div><script>\n\t\t\t\t( function() {\n\t\t\t\t\tconst style = document.createElement( 'style' );\n\t\t\t\t\tstyle.appendChild( document.createTextNode( '#wpforms-285-field_1-container,#wpforms-296-field_1-container { position: absolute !important; overflow: hidden !important; display: inline !important; height: 1px !important; width: 1px !important; z-index: -1000 !important; padding: 0 !important; } #wpforms-285-field_1-container,#wpforms-296-field_1-container input { visibility: hidden; } #wpforms-conversational-form-page #wpforms-285-field_1-container,#wpforms-296-field_1-container label { counter-increment: none; }' ) );\n\t\t\t\t\tdocument.head.appendChild( style );\n\t\t\t\t\tdocument.currentScript?.remove();\n\t\t\t\t} )();\n\t\t\t<\/script><\/div><!-- .wpforms-field-container --><div class=\"wpforms-submit-container\" ><input type=\"hidden\" name=\"wpforms[id]\" value=\"296\"><input type=\"hidden\" name=\"page_title\" value=\"\"><input type=\"hidden\" name=\"page_url\" value=\"https:\/\/gacon.byclarq.nl\/de\/wp-json\/wp\/v2\/pages\/28\"><input type=\"hidden\" name=\"url_referer\" value=\"\"><button type=\"submit\" name=\"wpforms[submit]\" id=\"wpforms-submit-296\" class=\"wpforms-submit\" data-alt-text=\"Versturen...\" data-submit-text=\"Versturen\" aria-live=\"assertive\" value=\"wpforms-submit\">Senden Sie<\/button><img loading=\"lazy\" decoding=\"async\" src=\"https:\/\/gacon.byclarq.nl\/wp-content\/plugins\/wpforms\/assets\/images\/submit-spin.svg\" class=\"wpforms-submit-spinner\" style=\"display: none;\" width=\"26\" height=\"26\" alt=\"Wird geladen\"><\/div><input type=\"hidden\" name=\"trp-form-language\" value=\"de\"\/><\/form><\/div>  <!-- .wpforms-container -->            <\/div>\n        <\/div>\n    <\/div>\n<\/section>","protected":false},"excerpt":{"rendered":"","protected":false},"author":1,"featured_media":0,"parent":0,"menu_order":0,"comment_status":"closed","ping_status":"closed","template":"","meta":{"_acf_changed":false,"footnotes":""},"class_list":["post-28","page","type-page","status-publish"],"acf":[],"_links":{"self":[{"href":"https:\/\/gacon.byclarq.nl\/de\/wp-json\/wp\/v2\/pages\/28","targetHints":{"allow":["GET"]}}],"collection":[{"href":"https:\/\/gacon.byclarq.nl\/de\/wp-json\/wp\/v2\/pages"}],"about":[{"href":"https:\/\/gacon.byclarq.nl\/de\/wp-json\/wp\/v2\/types\/page"}],"author":[{"embeddable":true,"href":"https:\/\/gacon.byclarq.nl\/de\/wp-json\/wp\/v2\/users\/1"}],"replies":[{"embeddable":true,"href":"https:\/\/gacon.byclarq.nl\/de\/wp-json\/wp\/v2\/comments?post=28"}],"version-history":[{"count":18,"href":"https:\/\/gacon.byclarq.nl\/de\/wp-json\/wp\/v2\/pages\/28\/revisions"}],"predecessor-version":[{"id":668,"href":"https:\/\/gacon.byclarq.nl\/de\/wp-json\/wp\/v2\/pages\/28\/revisions\/668"}],"wp:attachment":[{"href":"https:\/\/gacon.byclarq.nl\/de\/wp-json\/wp\/v2\/media?parent=28"}],"curies":[{"name":"wp","href":"https:\/\/api.w.org\/{rel}","templated":true}]}}